{"id":896,"date":"2025-09-29T11:05:32","date_gmt":"2025-09-29T11:05:32","guid":{"rendered":"https:\/\/sp.inovamatic.com\/?page_id=896"},"modified":"2026-03-13T12:57:49","modified_gmt":"2026-03-13T12:57:49","slug":"sistemas-de-detecao-de-intrusao","status":"publish","type":"page","link":"https:\/\/sensorpoint.pt\/en\/sistemas-de-detecao-de-intrusao\/","title":{"rendered":"Intrusion Detection Systems"},"content":{"rendered":"<div data-elementor-type=\"wp-page\" data-elementor-id=\"896\" class=\"elementor elementor-896\" data-elementor-post-type=\"page\">\n\t\t\t\t<div class=\"elementor-element elementor-element-7f53827 e-flex e-con-boxed e-con e-parent\" data-id=\"7f53827\" data-element_type=\"container\" data-e-type=\"container\" data-settings=\"{&quot;background_background&quot;:&quot;classic&quot;}\">\n\t\t\t\t\t<div class=\"e-con-inner\">\n\t\t\t\t<div class=\"elementor-element elementor-element-6a571023 elementor-widget elementor-widget-heading\" data-id=\"6a571023\" data-element_type=\"widget\" data-e-type=\"widget\" data-widget_type=\"heading.default\">\n\t\t\t\t\t<h2 class=\"elementor-heading-title elementor-size-default\">Intrusion Detection Systems<\/h2>\t\t\t\t<\/div>\n\t\t\t\t\t<\/div>\n\t\t\t\t<\/div>\n\t\t<div class=\"elementor-element elementor-element-268596dd e-flex e-con-boxed e-con e-parent\" data-id=\"268596dd\" data-element_type=\"container\" data-e-type=\"container\">\n\t\t\t\t\t<div class=\"e-con-inner\">\n\t\t\t\t<div class=\"elementor-element elementor-element-6dcaf40e elementor-widget elementor-widget-text-editor\" data-id=\"6dcaf40e\" data-element_type=\"widget\" data-e-type=\"widget\" data-widget_type=\"text-editor.default\">\n\t\t\t\t\t\t\t\t\t<p>Sensorpoint offers you the leading intrusion detection systems and products developed on open platforms, so that they can be easily integrated with other systems and thus create more effective protection systems.<\/p><p>Our intrusion detection systems are designed to help protect people and property. After all, whilst your assets are valuable, nothing is more precious than the lives of your family members, employees and customers.<\/p><p>Benefits of an intrusion detection system:<br>\u2013 Intrusion monitoring;<br>\u2013 Connection to any Alarm Receiving Centre;<br>\u2013 Monitoring of system integrity and reliability.<\/p>\t\t\t\t\t\t\t\t<\/div>\n\t\t\t\t\t<\/div>\n\t\t\t\t<\/div>\n\t\t<div class=\"elementor-element elementor-element-3a685279 e-flex e-con-boxed e-con e-parent\" data-id=\"3a685279\" data-element_type=\"container\" data-e-type=\"container\">\n\t\t\t\t\t<div class=\"e-con-inner\">\n\t\t<div class=\"elementor-element elementor-element-28e4c34 e-con-full e-grid e-con e-child\" data-id=\"28e4c34\" data-element_type=\"container\" data-e-type=\"container\">\n\t\t\t\t<div class=\"elementor-element elementor-element-0bb2797 elementor-widget elementor-widget-image\" data-id=\"0bb2797\" data-element_type=\"widget\" data-e-type=\"widget\" data-widget_type=\"image.default\">\n\t\t\t\t\t\t\t\t\t\t\t\t\t\t\t<img fetchpriority=\"high\" decoding=\"async\" width=\"780\" height=\"476\" src=\"https:\/\/sensorpoint.pt\/wp-content\/uploads\/2026\/03\/bentel-sombra.png\" class=\"attachment-large size-large wp-image-1872\" alt=\"\" srcset=\"https:\/\/sensorpoint.pt\/wp-content\/uploads\/2026\/03\/bentel-sombra.png 780w, https:\/\/sensorpoint.pt\/wp-content\/uploads\/2026\/03\/bentel-sombra-300x183.png 300w, https:\/\/sensorpoint.pt\/wp-content\/uploads\/2026\/03\/bentel-sombra-768x469.png 768w, https:\/\/sensorpoint.pt\/wp-content\/uploads\/2026\/03\/bentel-sombra-18x12.png 18w\" sizes=\"(max-width: 780px) 100vw, 780px\" \/>\t\t\t\t\t\t\t\t\t\t\t\t\t\t\t<\/div>\n\t\t<div class=\"elementor-element elementor-element-a76e350 e-con-full e-flex e-con e-child\" data-id=\"a76e350\" data-element_type=\"container\" data-e-type=\"container\">\n\t\t\t\t<div class=\"elementor-element elementor-element-3c681a8 elementor-widget elementor-widget-heading\" data-id=\"3c681a8\" data-element_type=\"widget\" data-e-type=\"widget\" data-widget_type=\"heading.default\">\n\t\t\t\t\t<h2 class=\"elementor-heading-title elementor-size-default\">Tyco<\/h2>\t\t\t\t<\/div>\n\t\t\t\t<div class=\"elementor-element elementor-element-2a994dd elementor-widget elementor-widget-heading\" data-id=\"2a994dd\" data-element_type=\"widget\" data-e-type=\"widget\" data-widget_type=\"heading.default\">\n\t\t\t\t\t<h2 class=\"elementor-heading-title elementor-size-default\">Bentel<\/h2>\t\t\t\t<\/div>\n\t\t\t\t<div class=\"elementor-element elementor-element-0439939 elementor-widget-divider--view-line elementor-widget elementor-widget-divider\" data-id=\"0439939\" data-element_type=\"widget\" data-e-type=\"widget\" data-widget_type=\"divider.default\">\n\t\t\t\t\t\t\t<div class=\"elementor-divider\">\n\t\t\t<span class=\"elementor-divider-separator\">\n\t\t\t\t\t\t<\/span>\n\t\t<\/div>\n\t\t\t\t\t\t<\/div>\n\t\t\t\t<div class=\"elementor-element elementor-element-dc00338 elementor-widget elementor-widget-text-editor\" data-id=\"dc00338\" data-element_type=\"widget\" data-e-type=\"widget\" data-widget_type=\"text-editor.default\">\n\t\t\t\t\t\t\t\t\t<p>Bentel Security, a Tyco group company, has established itself as a security reference: a leader in the design and manufacture of a complete line of security equipment and accessories for intrusion detection and fire detection.<\/p>\t\t\t\t\t\t\t\t<\/div>\n\t\t\t\t<div class=\"elementor-element elementor-element-522df1f elementor-widget elementor-widget-heading\" data-id=\"522df1f\" data-element_type=\"widget\" data-e-type=\"widget\" data-widget_type=\"heading.default\">\n\t\t\t\t\t<h5 class=\"elementor-heading-title elementor-size-default\"><a href=\"http:\/\/www.bentelsecurity.com\/\" target=\"_blank\">Manufacturer's page<\/a><\/h5>\t\t\t\t<\/div>\n\t\t\t\t<\/div>\n\t\t\t\t<\/div>\n\t\t\t\t\t<\/div>\n\t\t\t\t<\/div>\n\t\t<div class=\"elementor-element elementor-element-3a89b12 e-flex e-con-boxed e-con e-parent\" data-id=\"3a89b12\" data-element_type=\"container\" data-e-type=\"container\">\n\t\t\t\t\t<div class=\"e-con-inner\">\n\t\t<div class=\"elementor-element elementor-element-35caf1e e-con-full e-grid e-con e-child\" data-id=\"35caf1e\" data-element_type=\"container\" data-e-type=\"container\">\n\t\t<div class=\"elementor-element elementor-element-8d15548 e-con-full e-flex e-con e-child\" data-id=\"8d15548\" data-element_type=\"container\" data-e-type=\"container\">\n\t\t\t\t<div class=\"elementor-element elementor-element-61330e2 elementor-widget elementor-widget-heading\" data-id=\"61330e2\" data-element_type=\"widget\" data-e-type=\"widget\" data-widget_type=\"heading.default\">\n\t\t\t\t\t<h2 class=\"elementor-heading-title elementor-size-default\">Tyco<\/h2>\t\t\t\t<\/div>\n\t\t\t\t<div class=\"elementor-element elementor-element-d27e067 elementor-widget elementor-widget-heading\" data-id=\"d27e067\" data-element_type=\"widget\" data-e-type=\"widget\" data-widget_type=\"heading.default\">\n\t\t\t\t\t<h2 class=\"elementor-heading-title elementor-size-default\">DSC<\/h2>\t\t\t\t<\/div>\n\t\t\t\t<div class=\"elementor-element elementor-element-76d25f8 elementor-widget-divider--view-line elementor-widget elementor-widget-divider\" data-id=\"76d25f8\" data-element_type=\"widget\" data-e-type=\"widget\" data-widget_type=\"divider.default\">\n\t\t\t\t\t\t\t<div class=\"elementor-divider\">\n\t\t\t<span class=\"elementor-divider-separator\">\n\t\t\t\t\t\t<\/span>\n\t\t<\/div>\n\t\t\t\t\t\t<\/div>\n\t\t\t\t<div class=\"elementor-element elementor-element-4c468bd elementor-widget elementor-widget-text-editor\" data-id=\"4c468bd\" data-element_type=\"widget\" data-e-type=\"widget\" data-widget_type=\"text-editor.default\">\n\t\t\t\t\t\t\t\t\t<p>DSC (Digital Security Controls) is a Tyco group company, a world leader in electronic security.<\/p><p>From its revolutionary control panels, to the industry-leading IP alarm monitoring products and now to contemporary standalone wireless panels, DSC has always been at the forefront of security.<\/p>\t\t\t\t\t\t\t\t<\/div>\n\t\t\t\t<div class=\"elementor-element elementor-element-65de56b elementor-widget elementor-widget-heading\" data-id=\"65de56b\" data-element_type=\"widget\" data-e-type=\"widget\" data-widget_type=\"heading.default\">\n\t\t\t\t\t<h5 class=\"elementor-heading-title elementor-size-default\"><a href=\"http:\/\/www.dsc.com\/\" target=\"_blank\">Manufacturer's page<\/a><\/h5>\t\t\t\t<\/div>\n\t\t\t\t<\/div>\n\t\t\t\t<div class=\"elementor-element elementor-element-f850f5e elementor-widget elementor-widget-image\" data-id=\"f850f5e\" data-element_type=\"widget\" data-e-type=\"widget\" data-widget_type=\"image.default\">\n\t\t\t\t\t\t\t\t\t\t\t\t\t\t\t<img decoding=\"async\" width=\"780\" height=\"476\" src=\"https:\/\/sensorpoint.pt\/wp-content\/uploads\/2026\/03\/DSC-sombra.png\" class=\"attachment-large size-large wp-image-1876\" alt=\"\" srcset=\"https:\/\/sensorpoint.pt\/wp-content\/uploads\/2026\/03\/DSC-sombra.png 780w, https:\/\/sensorpoint.pt\/wp-content\/uploads\/2026\/03\/DSC-sombra-300x183.png 300w, https:\/\/sensorpoint.pt\/wp-content\/uploads\/2026\/03\/DSC-sombra-768x469.png 768w, https:\/\/sensorpoint.pt\/wp-content\/uploads\/2026\/03\/DSC-sombra-18x12.png 18w\" sizes=\"(max-width: 780px) 100vw, 780px\" \/>\t\t\t\t\t\t\t\t\t\t\t\t\t\t\t<\/div>\n\t\t\t\t<\/div>\n\t\t\t\t\t<\/div>\n\t\t\t\t<\/div>\n\t\t<div class=\"elementor-element elementor-element-88f857a e-flex e-con-boxed e-con e-parent\" data-id=\"88f857a\" data-element_type=\"container\" data-e-type=\"container\">\n\t\t\t\t\t<div class=\"e-con-inner\">\n\t\t<div class=\"elementor-element elementor-element-89a90c7 e-con-full e-grid e-con e-child\" data-id=\"89a90c7\" data-element_type=\"container\" data-e-type=\"container\">\n\t\t\t\t<div class=\"elementor-element elementor-element-1686c22 elementor-widget elementor-widget-image\" data-id=\"1686c22\" data-element_type=\"widget\" data-e-type=\"widget\" data-widget_type=\"image.default\">\n\t\t\t\t\t\t\t\t\t\t\t\t\t\t\t<img decoding=\"async\" width=\"780\" height=\"476\" src=\"https:\/\/sensorpoint.pt\/wp-content\/uploads\/2026\/03\/visonic-sombra.png\" class=\"attachment-large size-large wp-image-1880\" alt=\"\" srcset=\"https:\/\/sensorpoint.pt\/wp-content\/uploads\/2026\/03\/visonic-sombra.png 780w, https:\/\/sensorpoint.pt\/wp-content\/uploads\/2026\/03\/visonic-sombra-300x183.png 300w, https:\/\/sensorpoint.pt\/wp-content\/uploads\/2026\/03\/visonic-sombra-768x469.png 768w, https:\/\/sensorpoint.pt\/wp-content\/uploads\/2026\/03\/visonic-sombra-18x12.png 18w\" sizes=\"(max-width: 780px) 100vw, 780px\" \/>\t\t\t\t\t\t\t\t\t\t\t\t\t\t\t<\/div>\n\t\t<div class=\"elementor-element elementor-element-dbdfc28 e-con-full e-flex e-con e-child\" data-id=\"dbdfc28\" data-element_type=\"container\" data-e-type=\"container\">\n\t\t\t\t<div class=\"elementor-element elementor-element-626acb5 elementor-widget elementor-widget-heading\" data-id=\"626acb5\" data-element_type=\"widget\" data-e-type=\"widget\" data-widget_type=\"heading.default\">\n\t\t\t\t\t<h2 class=\"elementor-heading-title elementor-size-default\">Tyco<\/h2>\t\t\t\t<\/div>\n\t\t\t\t<div class=\"elementor-element elementor-element-2742673 elementor-widget elementor-widget-heading\" data-id=\"2742673\" data-element_type=\"widget\" data-e-type=\"widget\" data-widget_type=\"heading.default\">\n\t\t\t\t\t<h2 class=\"elementor-heading-title elementor-size-default\">Visonic<\/h2>\t\t\t\t<\/div>\n\t\t\t\t<div class=\"elementor-element elementor-element-2f38e2d elementor-widget-divider--view-line elementor-widget elementor-widget-divider\" data-id=\"2f38e2d\" data-element_type=\"widget\" data-e-type=\"widget\" data-widget_type=\"divider.default\">\n\t\t\t\t\t\t\t<div class=\"elementor-divider\">\n\t\t\t<span class=\"elementor-divider-separator\">\n\t\t\t\t\t\t<\/span>\n\t\t<\/div>\n\t\t\t\t\t\t<\/div>\n\t\t\t\t<div class=\"elementor-element elementor-element-23a6345 elementor-widget elementor-widget-text-editor\" data-id=\"23a6345\" data-element_type=\"widget\" data-e-type=\"widget\" data-widget_type=\"text-editor.default\">\n\t\t\t\t\t\t\t\t\t<p>Visonic is a Tyco group company and manufacturer of high-quality electronic security systems and components.<\/p><p>We are dedicated to improving people's quality of life by enhancing their sense of security.<\/p><p>Our easy-to-use and innovative home security systems and components are vital parts of everyday family life for people of all ages.<\/p>\t\t\t\t\t\t\t\t<\/div>\n\t\t\t\t<div class=\"elementor-element elementor-element-79817ee elementor-widget elementor-widget-heading\" data-id=\"79817ee\" data-element_type=\"widget\" data-e-type=\"widget\" data-widget_type=\"heading.default\">\n\t\t\t\t\t<h5 class=\"elementor-heading-title elementor-size-default\"><a href=\"https:\/\/www.visonic.com\/en-hp-new?setRegion=true\" target=\"_blank\">Manufacturer's page<\/a><\/h5>\t\t\t\t<\/div>\n\t\t\t\t<\/div>\n\t\t\t\t<\/div>\n\t\t\t\t\t<\/div>\n\t\t\t\t<\/div>\n\t\t<div class=\"elementor-element elementor-element-510c805 e-flex e-con-boxed e-con e-parent\" data-id=\"510c805\" data-element_type=\"container\" data-e-type=\"container\">\n\t\t\t\t\t<div class=\"e-con-inner\">\n\t\t<div class=\"elementor-element elementor-element-a37fe23 e-con-full e-grid e-con e-child\" data-id=\"a37fe23\" data-element_type=\"container\" data-e-type=\"container\">\n\t\t<div class=\"elementor-element elementor-element-ccc02ea e-con-full e-flex e-con e-child\" data-id=\"ccc02ea\" data-element_type=\"container\" data-e-type=\"container\">\n\t\t\t\t<div class=\"elementor-element elementor-element-5d5a749 elementor-widget elementor-widget-heading\" data-id=\"5d5a749\" data-element_type=\"widget\" data-e-type=\"widget\" data-widget_type=\"heading.default\">\n\t\t\t\t\t<h2 class=\"elementor-heading-title elementor-size-default\">Honeywell<\/h2>\t\t\t\t<\/div>\n\t\t\t\t<div class=\"elementor-element elementor-element-d83f36b elementor-widget-divider--view-line elementor-widget elementor-widget-divider\" data-id=\"d83f36b\" data-element_type=\"widget\" data-e-type=\"widget\" data-widget_type=\"divider.default\">\n\t\t\t\t\t\t\t<div class=\"elementor-divider\">\n\t\t\t<span class=\"elementor-divider-separator\">\n\t\t\t\t\t\t<\/span>\n\t\t<\/div>\n\t\t\t\t\t\t<\/div>\n\t\t\t\t<div class=\"elementor-element elementor-element-6a9c9dd elementor-widget elementor-widget-text-editor\" data-id=\"6a9c9dd\" data-element_type=\"widget\" data-e-type=\"widget\" data-widget_type=\"text-editor.default\">\n\t\t\t\t\t\t\t\t\t<p>As industry pioneers, Honeywell has developed many of the innovative advances that have shaped today's residential and commercial security systems.<\/p>\t\t\t\t\t\t\t\t<\/div>\n\t\t\t\t<div class=\"elementor-element elementor-element-6aa211b elementor-widget elementor-widget-heading\" data-id=\"6aa211b\" data-element_type=\"widget\" data-e-type=\"widget\" data-widget_type=\"heading.default\">\n\t\t\t\t\t<h5 class=\"elementor-heading-title elementor-size-default\"><a href=\"https:\/\/www.security.honeywell.com\/uk\/products\/intruder\/control-panels\/dimension\/index.html\" target=\"_blank\">Manufacturer's page<\/a><\/h5>\t\t\t\t<\/div>\n\t\t\t\t<\/div>\n\t\t\t\t<div class=\"elementor-element elementor-element-3a74b99 elementor-widget elementor-widget-image\" data-id=\"3a74b99\" data-element_type=\"widget\" data-e-type=\"widget\" data-widget_type=\"image.default\">\n\t\t\t\t\t\t\t\t\t\t\t\t\t\t\t<img loading=\"lazy\" decoding=\"async\" width=\"780\" height=\"476\" src=\"https:\/\/sensorpoint.pt\/wp-content\/uploads\/2026\/03\/honeywell-intrusao-sombra.png\" class=\"attachment-large size-large wp-image-1884\" alt=\"\" srcset=\"https:\/\/sensorpoint.pt\/wp-content\/uploads\/2026\/03\/honeywell-intrusao-sombra.png 780w, https:\/\/sensorpoint.pt\/wp-content\/uploads\/2026\/03\/honeywell-intrusao-sombra-300x183.png 300w, https:\/\/sensorpoint.pt\/wp-content\/uploads\/2026\/03\/honeywell-intrusao-sombra-768x469.png 768w, https:\/\/sensorpoint.pt\/wp-content\/uploads\/2026\/03\/honeywell-intrusao-sombra-18x12.png 18w\" sizes=\"(max-width: 780px) 100vw, 780px\" \/>\t\t\t\t\t\t\t\t\t\t\t\t\t\t\t<\/div>\n\t\t\t\t<\/div>\n\t\t\t\t\t<\/div>\n\t\t\t\t<\/div>\n\t\t<div class=\"elementor-element elementor-element-be63c79 e-flex e-con-boxed e-con e-parent\" data-id=\"be63c79\" data-element_type=\"container\" data-e-type=\"container\">\n\t\t\t\t\t<div class=\"e-con-inner\">\n\t\t<div class=\"elementor-element elementor-element-fd4b30b e-con-full e-grid e-con e-child\" data-id=\"fd4b30b\" data-element_type=\"container\" data-e-type=\"container\">\n\t\t\t\t<div class=\"elementor-element elementor-element-31111ae elementor-widget elementor-widget-image\" data-id=\"31111ae\" data-element_type=\"widget\" data-e-type=\"widget\" data-widget_type=\"image.default\">\n\t\t\t\t\t\t\t\t\t\t\t\t\t\t\t<img loading=\"lazy\" decoding=\"async\" width=\"659\" height=\"476\" src=\"https:\/\/sensorpoint.pt\/wp-content\/uploads\/2026\/03\/SADIR-Vanderbilt-sombra.png\" class=\"attachment-large size-large wp-image-1888\" alt=\"\" srcset=\"https:\/\/sensorpoint.pt\/wp-content\/uploads\/2026\/03\/SADIR-Vanderbilt-sombra.png 659w, https:\/\/sensorpoint.pt\/wp-content\/uploads\/2026\/03\/SADIR-Vanderbilt-sombra-300x217.png 300w, https:\/\/sensorpoint.pt\/wp-content\/uploads\/2026\/03\/SADIR-Vanderbilt-sombra-18x12.png 18w\" sizes=\"(max-width: 659px) 100vw, 659px\" \/>\t\t\t\t\t\t\t\t\t\t\t\t\t\t\t<\/div>\n\t\t<div class=\"elementor-element elementor-element-031a319 e-con-full e-flex e-con e-child\" data-id=\"031a319\" data-element_type=\"container\" data-e-type=\"container\">\n\t\t\t\t<div class=\"elementor-element elementor-element-b1fa932 elementor-widget elementor-widget-heading\" data-id=\"b1fa932\" data-element_type=\"widget\" data-e-type=\"widget\" data-widget_type=\"heading.default\">\n\t\t\t\t\t<h2 class=\"elementor-heading-title elementor-size-default\">Acre Security (Antiga Vanderbilt)<\/h2>\t\t\t\t<\/div>\n\t\t\t\t<div class=\"elementor-element elementor-element-c6257ea elementor-widget-divider--view-line elementor-widget elementor-widget-divider\" data-id=\"c6257ea\" data-element_type=\"widget\" data-e-type=\"widget\" data-widget_type=\"divider.default\">\n\t\t\t\t\t\t\t<div class=\"elementor-divider\">\n\t\t\t<span class=\"elementor-divider-separator\">\n\t\t\t\t\t\t<\/span>\n\t\t<\/div>\n\t\t\t\t\t\t<\/div>\n\t\t\t\t<div class=\"elementor-element elementor-element-00fc3ae elementor-widget elementor-widget-text-editor\" data-id=\"00fc3ae\" data-element_type=\"widget\" data-e-type=\"widget\" data-widget_type=\"text-editor.default\">\n\t\t\t\t\t\t\t\t\t<p><span data-teams=\"true\">O Sistema de Detec\u00e7\u00e3o de Intrus\u00e3o da acre security oferece solu\u00e7\u00f5es de seguran\u00e7a robustas e fi\u00e1veis. Este poderoso sistema protege o seu neg\u00f3cio e ativos com uma funcionalidade inovadora de gest\u00e3o de alarmes.<\/span><\/p>\t\t\t\t\t\t\t\t<\/div>\n\t\t\t\t<div class=\"elementor-element elementor-element-b686b8e elementor-widget elementor-widget-heading\" data-id=\"b686b8e\" data-element_type=\"widget\" data-e-type=\"widget\" data-widget_type=\"heading.default\">\n\t\t\t\t\t<h5 class=\"elementor-heading-title elementor-size-default\"><a href=\"http:\/\/www.acresecurity.com\" target=\"_blank\">Manufacturer's page<\/a><\/h5>\t\t\t\t<\/div>\n\t\t\t\t<\/div>\n\t\t\t\t<\/div>\n\t\t\t\t\t<\/div>\n\t\t\t\t<\/div>\n\t\t<div class=\"elementor-element elementor-element-76b3441 e-flex e-con-boxed e-con e-parent\" data-id=\"76b3441\" data-element_type=\"container\" data-e-type=\"container\">\n\t\t\t\t\t<div class=\"e-con-inner\">\n\t\t<div class=\"elementor-element elementor-element-f05ba09 e-con-full e-grid e-con e-child\" data-id=\"f05ba09\" data-element_type=\"container\" data-e-type=\"container\">\n\t\t<div class=\"elementor-element elementor-element-0a592a1 e-con-full e-flex e-con e-child\" data-id=\"0a592a1\" data-element_type=\"container\" data-e-type=\"container\">\n\t\t\t\t<div class=\"elementor-element elementor-element-f6c9935 elementor-widget elementor-widget-heading\" data-id=\"f6c9935\" data-element_type=\"widget\" data-e-type=\"widget\" data-widget_type=\"heading.default\">\n\t\t\t\t\t<h2 class=\"elementor-heading-title elementor-size-default\">Aritech<\/h2>\t\t\t\t<\/div>\n\t\t\t\t<div class=\"elementor-element elementor-element-7ec79bb elementor-widget-divider--view-line elementor-widget elementor-widget-divider\" data-id=\"7ec79bb\" data-element_type=\"widget\" data-e-type=\"widget\" data-widget_type=\"divider.default\">\n\t\t\t\t\t\t\t<div class=\"elementor-divider\">\n\t\t\t<span class=\"elementor-divider-separator\">\n\t\t\t\t\t\t<\/span>\n\t\t<\/div>\n\t\t\t\t\t\t<\/div>\n\t\t\t\t<div class=\"elementor-element elementor-element-9cd50c2 elementor-widget elementor-widget-text-editor\" data-id=\"9cd50c2\" data-element_type=\"widget\" data-e-type=\"widget\" data-widget_type=\"text-editor.default\">\n\t\t\t\t\t\t\t\t\t<p>The Aritech and Interlogix brands have been known for more than 30 years for their detection technology design.<\/p>\t\t\t\t\t\t\t\t<\/div>\n\t\t\t\t<div class=\"elementor-element elementor-element-9a619ef elementor-widget elementor-widget-heading\" data-id=\"9a619ef\" data-element_type=\"widget\" data-e-type=\"widget\" data-widget_type=\"heading.default\">\n\t\t\t\t\t<h5 class=\"elementor-heading-title elementor-size-default\"><a href=\"https:\/\/www.kiddeglobalsolutions.com\/\" target=\"_blank\">Manufacturer's page<\/a><\/h5>\t\t\t\t<\/div>\n\t\t\t\t<\/div>\n\t\t\t\t<div class=\"elementor-element elementor-element-f2fb5ae elementor-widget elementor-widget-image\" data-id=\"f2fb5ae\" data-element_type=\"widget\" data-e-type=\"widget\" data-widget_type=\"image.default\">\n\t\t\t\t\t\t\t\t\t\t\t\t\t\t\t<img loading=\"lazy\" decoding=\"async\" width=\"780\" height=\"476\" src=\"https:\/\/sensorpoint.pt\/wp-content\/uploads\/2026\/03\/utc-intrusao-sombra.png\" class=\"attachment-large size-large wp-image-1890\" alt=\"\" srcset=\"https:\/\/sensorpoint.pt\/wp-content\/uploads\/2026\/03\/utc-intrusao-sombra.png 780w, https:\/\/sensorpoint.pt\/wp-content\/uploads\/2026\/03\/utc-intrusao-sombra-300x183.png 300w, https:\/\/sensorpoint.pt\/wp-content\/uploads\/2026\/03\/utc-intrusao-sombra-768x469.png 768w, https:\/\/sensorpoint.pt\/wp-content\/uploads\/2026\/03\/utc-intrusao-sombra-18x12.png 18w\" sizes=\"(max-width: 780px) 100vw, 780px\" \/>\t\t\t\t\t\t\t\t\t\t\t\t\t\t\t<\/div>\n\t\t\t\t<\/div>\n\t\t\t\t\t<\/div>\n\t\t\t\t<\/div>\n\t\t\t\t<\/div>","protected":false},"excerpt":{"rendered":"<p>A Sensorpoint oferece-lhe os principais sistemas e produtos de dete\u00e7\u00e3o de intrus\u00e3o desenvolvidos em plataformas abertas, para que possam ser facilmente integrados com outros sistemas e, assim, criar sistemas de prote\u00e7\u00e3o mais eficazes. Os nossos sistemas de dete\u00e7\u00e3o de intrus\u00e3o s\u00e3o concebidos para ajudar a proteger pessoas e bens. Afinal, enquanto os seus bens s\u00e3o [&hellip;]<\/p>\n","protected":false},"author":1,"featured_media":0,"parent":0,"menu_order":0,"comment_status":"closed","ping_status":"closed","template":"","meta":{"footnotes":""},"class_list":["post-896","page","type-page","status-publish","hentry"],"_links":{"self":[{"href":"https:\/\/sensorpoint.pt\/en\/wp-json\/wp\/v2\/pages\/896","targetHints":{"allow":["GET"]}}],"collection":[{"href":"https:\/\/sensorpoint.pt\/en\/wp-json\/wp\/v2\/pages"}],"about":[{"href":"https:\/\/sensorpoint.pt\/en\/wp-json\/wp\/v2\/types\/page"}],"author":[{"embeddable":true,"href":"https:\/\/sensorpoint.pt\/en\/wp-json\/wp\/v2\/users\/1"}],"replies":[{"embeddable":true,"href":"https:\/\/sensorpoint.pt\/en\/wp-json\/wp\/v2\/comments?post=896"}],"version-history":[{"count":49,"href":"https:\/\/sensorpoint.pt\/en\/wp-json\/wp\/v2\/pages\/896\/revisions"}],"predecessor-version":[{"id":2073,"href":"https:\/\/sensorpoint.pt\/en\/wp-json\/wp\/v2\/pages\/896\/revisions\/2073"}],"wp:attachment":[{"href":"https:\/\/sensorpoint.pt\/en\/wp-json\/wp\/v2\/media?parent=896"}],"curies":[{"name":"wp","href":"https:\/\/api.w.org\/{rel}","templated":true}]}}