{"id":892,"date":"2025-09-29T11:03:24","date_gmt":"2025-09-29T11:03:24","guid":{"rendered":"https:\/\/sp.inovamatic.com\/?page_id=892"},"modified":"2026-03-13T12:43:07","modified_gmt":"2026-03-13T12:43:07","slug":"controlo-de-acessos","status":"publish","type":"page","link":"https:\/\/sensorpoint.pt\/en\/controlo-de-acessos\/","title":{"rendered":"Access Control"},"content":{"rendered":"<div data-elementor-type=\"wp-page\" data-elementor-id=\"892\" class=\"elementor elementor-892\" data-elementor-post-type=\"page\">\n\t\t\t\t<div class=\"elementor-element elementor-element-7f53827 e-flex e-con-boxed e-con e-parent\" data-id=\"7f53827\" data-element_type=\"container\" data-e-type=\"container\" data-settings=\"{&quot;background_background&quot;:&quot;classic&quot;}\">\n\t\t\t\t\t<div class=\"e-con-inner\">\n\t\t\t\t<div class=\"elementor-element elementor-element-6a571023 elementor-widget elementor-widget-heading\" data-id=\"6a571023\" data-element_type=\"widget\" data-e-type=\"widget\" data-widget_type=\"heading.default\">\n\t\t\t\t\t<h2 class=\"elementor-heading-title elementor-size-default\">Access Control<\/h2>\t\t\t\t<\/div>\n\t\t\t\t\t<\/div>\n\t\t\t\t<\/div>\n\t\t<div class=\"elementor-element elementor-element-268596dd e-flex e-con-boxed e-con e-parent\" data-id=\"268596dd\" data-element_type=\"container\" data-e-type=\"container\">\n\t\t\t\t\t<div class=\"e-con-inner\">\n\t\t\t\t<div class=\"elementor-element elementor-element-6dcaf40e elementor-widget elementor-widget-text-editor\" data-id=\"6dcaf40e\" data-element_type=\"widget\" data-e-type=\"widget\" data-widget_type=\"text-editor.default\">\n\t\t\t\t\t\t\t\t\t<p>Currently, electronic access control systems need to go far beyond the mere function of locking or unlocking doors. Your business needs a security solution that offers you full control and information so that you can manage it more efficiently.<\/p><p>Our access control systems can help you ensure that only authorised people have access to the reserved areas of your premises, making access management a tool not just for security, but also for management.<\/p><p>The features of access control systems offer numerous benefits for any sector of activity, from the simplest standalone keypad systems to the most complex networked systems with biometric control.<\/p>\t\t\t\t\t\t\t\t<\/div>\n\t\t\t\t\t<\/div>\n\t\t\t\t<\/div>\n\t\t<div class=\"elementor-element elementor-element-3a685279 e-flex e-con-boxed e-con e-parent\" data-id=\"3a685279\" data-element_type=\"container\" data-e-type=\"container\">\n\t\t\t\t\t<div class=\"e-con-inner\">\n\t\t<div class=\"elementor-element elementor-element-28e4c34 e-con-full e-grid e-con e-child\" data-id=\"28e4c34\" data-element_type=\"container\" data-e-type=\"container\">\n\t\t\t\t<div class=\"elementor-element elementor-element-0bb2797 elementor-widget elementor-widget-image\" data-id=\"0bb2797\" data-element_type=\"widget\" data-e-type=\"widget\" data-widget_type=\"image.default\">\n\t\t\t\t\t\t\t\t\t\t\t\t\t\t\t<img fetchpriority=\"high\" decoding=\"async\" width=\"800\" height=\"639\" src=\"https:\/\/sensorpoint.pt\/wp-content\/uploads\/2026\/03\/TycoKantech-sombra-1.png\" class=\"attachment-large size-large wp-image-1741\" alt=\"\" srcset=\"https:\/\/sensorpoint.pt\/wp-content\/uploads\/2026\/03\/TycoKantech-sombra-1.png 886w, https:\/\/sensorpoint.pt\/wp-content\/uploads\/2026\/03\/TycoKantech-sombra-1-300x240.png 300w, https:\/\/sensorpoint.pt\/wp-content\/uploads\/2026\/03\/TycoKantech-sombra-1-768x614.png 768w, https:\/\/sensorpoint.pt\/wp-content\/uploads\/2026\/03\/TycoKantech-sombra-1-15x12.png 15w\" sizes=\"(max-width: 800px) 100vw, 800px\" \/>\t\t\t\t\t\t\t\t\t\t\t\t\t\t\t<\/div>\n\t\t<div class=\"elementor-element elementor-element-a76e350 e-con-full e-flex e-con e-child\" data-id=\"a76e350\" data-element_type=\"container\" data-e-type=\"container\">\n\t\t\t\t<div class=\"elementor-element elementor-element-331599a elementor-widget elementor-widget-heading\" data-id=\"331599a\" data-element_type=\"widget\" data-e-type=\"widget\" data-widget_type=\"heading.default\">\n\t\t\t\t\t<h2 class=\"elementor-heading-title elementor-size-default\">Tyco<\/h2>\t\t\t\t<\/div>\n\t\t\t\t<div class=\"elementor-element elementor-element-f531211 elementor-widget elementor-widget-heading\" data-id=\"f531211\" data-element_type=\"widget\" data-e-type=\"widget\" data-widget_type=\"heading.default\">\n\t\t\t\t\t<h2 class=\"elementor-heading-title elementor-size-default\">Kantech<\/h2>\t\t\t\t<\/div>\n\t\t\t\t<div class=\"elementor-element elementor-element-0439939 elementor-widget-divider--view-line elementor-widget elementor-widget-divider\" data-id=\"0439939\" data-element_type=\"widget\" data-e-type=\"widget\" data-widget_type=\"divider.default\">\n\t\t\t\t\t\t\t<div class=\"elementor-divider\">\n\t\t\t<span class=\"elementor-divider-separator\">\n\t\t\t\t\t\t<\/span>\n\t\t<\/div>\n\t\t\t\t\t\t<\/div>\n\t\t\t\t<div class=\"elementor-element elementor-element-dc00338 elementor-widget elementor-widget-text-editor\" data-id=\"dc00338\" data-element_type=\"widget\" data-e-type=\"widget\" data-widget_type=\"text-editor.default\">\n\t\t\t\t\t\t\t\t\t<p>Founded in 1986, Kantech, a company within the Tyco Security Products group, designs and develops access control technologies.<\/p><p>Kantech solutions provide a compact and basic solution for small businesses, and solutions with EntraPass software and powerful door controllers to provide the appropriate resources for enterprise-scale applications.<\/p><p>Kantech solutions can be easily integrated with American Dynamics video analytics systems to provide an integrated access control and video solution.<\/p><p>Kantech also offers immediate integration with intrusion detection systems. Everything interconnected from a unified software package.<\/p>\t\t\t\t\t\t\t\t<\/div>\n\t\t\t\t<div class=\"elementor-element elementor-element-65b84a0 elementor-widget elementor-widget-heading\" data-id=\"65b84a0\" data-element_type=\"widget\" data-e-type=\"widget\" data-widget_type=\"heading.default\">\n\t\t\t\t\t<h5 class=\"elementor-heading-title elementor-size-default\"><a href=\"http:\/\/www.kantech.com\/Default.aspx\" target=\"_blank\">Manufacturer's page<\/a><\/h5>\t\t\t\t<\/div>\n\t\t\t\t<\/div>\n\t\t\t\t<\/div>\n\t\t\t\t\t<\/div>\n\t\t\t\t<\/div>\n\t\t<div class=\"elementor-element elementor-element-dc97d11 e-flex e-con-boxed e-con e-parent\" data-id=\"dc97d11\" data-element_type=\"container\" data-e-type=\"container\">\n\t\t\t\t\t<div class=\"e-con-inner\">\n\t\t<div class=\"elementor-element elementor-element-6576e5a e-con-full e-grid e-con e-child\" data-id=\"6576e5a\" data-element_type=\"container\" data-e-type=\"container\">\n\t\t<div class=\"elementor-element elementor-element-cfe1402 e-con-full e-flex e-con e-child\" data-id=\"cfe1402\" data-element_type=\"container\" data-e-type=\"container\">\n\t\t\t\t<div class=\"elementor-element elementor-element-360c148 elementor-widget elementor-widget-heading\" data-id=\"360c148\" data-element_type=\"widget\" data-e-type=\"widget\" data-widget_type=\"heading.default\">\n\t\t\t\t\t<h2 class=\"elementor-heading-title elementor-size-default\">Tyco<\/h2>\t\t\t\t<\/div>\n\t\t\t\t<div class=\"elementor-element elementor-element-1a1619c elementor-widget elementor-widget-heading\" data-id=\"1a1619c\" data-element_type=\"widget\" data-e-type=\"widget\" data-widget_type=\"heading.default\">\n\t\t\t\t\t<h2 class=\"elementor-heading-title elementor-size-default\">Software House<\/h2>\t\t\t\t<\/div>\n\t\t\t\t<div class=\"elementor-element elementor-element-9d17876 elementor-widget-divider--view-line elementor-widget elementor-widget-divider\" data-id=\"9d17876\" data-element_type=\"widget\" data-e-type=\"widget\" data-widget_type=\"divider.default\">\n\t\t\t\t\t\t\t<div class=\"elementor-divider\">\n\t\t\t<span class=\"elementor-divider-separator\">\n\t\t\t\t\t\t<\/span>\n\t\t<\/div>\n\t\t\t\t\t\t<\/div>\n\t\t\t\t<div class=\"elementor-element elementor-element-e36b80c elementor-widget elementor-widget-text-editor\" data-id=\"e36b80c\" data-element_type=\"widget\" data-e-type=\"widget\" data-widget_type=\"text-editor.default\">\n\t\t\t\t\t\t\t\t\t<p>When the largest Fortune 500 companies, governments or any other large organisations are concerned about critical security issues and need a reliable solution in their daily operations, they frequently turn to Software House.<\/p><p>Software House is a company within the Tyco group and its access control technologies are installed at the world's largest events.<\/p>\t\t\t\t\t\t\t\t<\/div>\n\t\t\t\t<div class=\"elementor-element elementor-element-563fa25 elementor-widget elementor-widget-heading\" data-id=\"563fa25\" data-element_type=\"widget\" data-e-type=\"widget\" data-widget_type=\"heading.default\">\n\t\t\t\t\t<h5 class=\"elementor-heading-title elementor-size-default\"><a href=\"http:\/\/www.swhouse.com\/Default.aspx\" target=\"_blank\">Manufacturer's page<\/a><\/h5>\t\t\t\t<\/div>\n\t\t\t\t<\/div>\n\t\t\t\t<div class=\"elementor-element elementor-element-b87a520 elementor-widget elementor-widget-image\" data-id=\"b87a520\" data-element_type=\"widget\" data-e-type=\"widget\" data-widget_type=\"image.default\">\n\t\t\t\t\t\t\t\t\t\t\t\t\t\t\t<img decoding=\"async\" width=\"800\" height=\"532\" src=\"https:\/\/sensorpoint.pt\/wp-content\/uploads\/2026\/03\/Tyco-SH-sombra.png\" class=\"attachment-large size-large wp-image-1745\" alt=\"\" srcset=\"https:\/\/sensorpoint.pt\/wp-content\/uploads\/2026\/03\/Tyco-SH-sombra.png 840w, https:\/\/sensorpoint.pt\/wp-content\/uploads\/2026\/03\/Tyco-SH-sombra-300x200.png 300w, https:\/\/sensorpoint.pt\/wp-content\/uploads\/2026\/03\/Tyco-SH-sombra-768x511.png 768w, https:\/\/sensorpoint.pt\/wp-content\/uploads\/2026\/03\/Tyco-SH-sombra-18x12.png 18w\" sizes=\"(max-width: 800px) 100vw, 800px\" \/>\t\t\t\t\t\t\t\t\t\t\t\t\t\t\t<\/div>\n\t\t\t\t<\/div>\n\t\t\t\t\t<\/div>\n\t\t\t\t<\/div>\n\t\t<div class=\"elementor-element elementor-element-1d35615 e-flex e-con-boxed e-con e-parent\" data-id=\"1d35615\" data-element_type=\"container\" data-e-type=\"container\">\n\t\t\t\t\t<div class=\"e-con-inner\">\n\t\t<div class=\"elementor-element elementor-element-b84c5c8 e-con-full e-grid e-con e-child\" data-id=\"b84c5c8\" data-element_type=\"container\" data-e-type=\"container\">\n\t\t\t\t<div class=\"elementor-element elementor-element-b61e2c2 elementor-widget elementor-widget-image\" data-id=\"b61e2c2\" data-element_type=\"widget\" data-e-type=\"widget\" data-widget_type=\"image.default\">\n\t\t\t\t\t\t\t\t\t\t\t\t\t\t\t<img decoding=\"async\" width=\"800\" height=\"449\" src=\"https:\/\/sensorpoint.pt\/wp-content\/uploads\/2026\/03\/Tyco-cem-systems-sombra.png\" class=\"attachment-large size-large wp-image-1749\" alt=\"\" srcset=\"https:\/\/sensorpoint.pt\/wp-content\/uploads\/2026\/03\/Tyco-cem-systems-sombra.png 954w, https:\/\/sensorpoint.pt\/wp-content\/uploads\/2026\/03\/Tyco-cem-systems-sombra-300x168.png 300w, https:\/\/sensorpoint.pt\/wp-content\/uploads\/2026\/03\/Tyco-cem-systems-sombra-768x431.png 768w, https:\/\/sensorpoint.pt\/wp-content\/uploads\/2026\/03\/Tyco-cem-systems-sombra-18x10.png 18w\" sizes=\"(max-width: 800px) 100vw, 800px\" \/>\t\t\t\t\t\t\t\t\t\t\t\t\t\t\t<\/div>\n\t\t<div class=\"elementor-element elementor-element-49f5da8 e-con-full e-flex e-con e-child\" data-id=\"49f5da8\" data-element_type=\"container\" data-e-type=\"container\">\n\t\t\t\t<div class=\"elementor-element elementor-element-140f4fd elementor-widget elementor-widget-heading\" data-id=\"140f4fd\" data-element_type=\"widget\" data-e-type=\"widget\" data-widget_type=\"heading.default\">\n\t\t\t\t\t<h2 class=\"elementor-heading-title elementor-size-default\">Tyco<\/h2>\t\t\t\t<\/div>\n\t\t\t\t<div class=\"elementor-element elementor-element-b04351d elementor-widget elementor-widget-heading\" data-id=\"b04351d\" data-element_type=\"widget\" data-e-type=\"widget\" data-widget_type=\"heading.default\">\n\t\t\t\t\t<h2 class=\"elementor-heading-title elementor-size-default\">CEM Systems<\/h2>\t\t\t\t<\/div>\n\t\t\t\t<div class=\"elementor-element elementor-element-1a018b7 elementor-widget-divider--view-line elementor-widget elementor-widget-divider\" data-id=\"1a018b7\" data-element_type=\"widget\" data-e-type=\"widget\" data-widget_type=\"divider.default\">\n\t\t\t\t\t\t\t<div class=\"elementor-divider\">\n\t\t\t<span class=\"elementor-divider-separator\">\n\t\t\t\t\t\t<\/span>\n\t\t<\/div>\n\t\t\t\t\t\t<\/div>\n\t\t\t\t<div class=\"elementor-element elementor-element-58bdf3e elementor-widget elementor-widget-text-editor\" data-id=\"58bdf3e\" data-element_type=\"widget\" data-e-type=\"widget\" data-widget_type=\"text-editor.default\">\n\t\t\t\t\t\t\t\t\t<p>CEM Systems is a company within the Tyco group that manufactures access control and security management systems.<\/p><p>With more than 25 years of experience in the security and IT industry, CEM manufactures access control system hardware and software. This offers unrivalled levels of flexibility in selecting a complete access control solution to meet your security needs.<\/p><p>CEM Systems' systems protect most of the world's major airports.<\/p>\t\t\t\t\t\t\t\t<\/div>\n\t\t\t\t<div class=\"elementor-element elementor-element-376fa8e elementor-widget elementor-widget-heading\" data-id=\"376fa8e\" data-element_type=\"widget\" data-e-type=\"widget\" data-widget_type=\"heading.default\">\n\t\t\t\t\t<h5 class=\"elementor-heading-title elementor-size-default\"><a href=\"https:\/\/www.cemsys.com\/\" target=\"_blank\">Manufacturer's page<\/a><\/h5>\t\t\t\t<\/div>\n\t\t\t\t<\/div>\n\t\t\t\t<\/div>\n\t\t\t\t\t<\/div>\n\t\t\t\t<\/div>\n\t\t<div class=\"elementor-element elementor-element-4e3a302 e-flex e-con-boxed e-con e-parent\" data-id=\"4e3a302\" data-element_type=\"container\" data-e-type=\"container\">\n\t\t\t\t\t<div class=\"e-con-inner\">\n\t\t<div class=\"elementor-element elementor-element-ae39bd1 e-con-full e-grid e-con e-child\" data-id=\"ae39bd1\" data-element_type=\"container\" data-e-type=\"container\">\n\t\t<div class=\"elementor-element elementor-element-7faac5b e-con-full e-flex e-con e-child\" data-id=\"7faac5b\" data-element_type=\"container\" data-e-type=\"container\">\n\t\t\t\t<div class=\"elementor-element elementor-element-8ba4db3 elementor-widget elementor-widget-heading\" data-id=\"8ba4db3\" data-element_type=\"widget\" data-e-type=\"widget\" data-widget_type=\"heading.default\">\n\t\t\t\t\t<h2 class=\"elementor-heading-title elementor-size-default\">HID Global<\/h2>\t\t\t\t<\/div>\n\t\t\t\t<div class=\"elementor-element elementor-element-3b20a9b elementor-widget-divider--view-line elementor-widget elementor-widget-divider\" data-id=\"3b20a9b\" data-element_type=\"widget\" data-e-type=\"widget\" data-widget_type=\"divider.default\">\n\t\t\t\t\t\t\t<div class=\"elementor-divider\">\n\t\t\t<span class=\"elementor-divider-separator\">\n\t\t\t\t\t\t<\/span>\n\t\t<\/div>\n\t\t\t\t\t\t<\/div>\n\t\t\t\t<div class=\"elementor-element elementor-element-ea0098b elementor-widget elementor-widget-text-editor\" data-id=\"ea0098b\" data-element_type=\"widget\" data-e-type=\"widget\" data-widget_type=\"text-editor.default\">\n\t\t\t\t\t\t\t\t\t<p>Every day, millions of people in more than 100 countries use the products and services to securely access the workplace.<\/p><p>More than 2 billion items that need to be identified, verified and tracked are connected through HID technology.<\/p>\t\t\t\t\t\t\t\t<\/div>\n\t\t\t\t<div class=\"elementor-element elementor-element-c425da2 elementor-widget elementor-widget-heading\" data-id=\"c425da2\" data-element_type=\"widget\" data-e-type=\"widget\" data-widget_type=\"heading.default\">\n\t\t\t\t\t<h5 class=\"elementor-heading-title elementor-size-default\"><a href=\"https:\/\/www.hidglobal.com\/\" target=\"_blank\">Manufacturer's page<\/a><\/h5>\t\t\t\t<\/div>\n\t\t\t\t<\/div>\n\t\t\t\t<div class=\"elementor-element elementor-element-0faf25d elementor-widget elementor-widget-image\" data-id=\"0faf25d\" data-element_type=\"widget\" data-e-type=\"widget\" data-widget_type=\"image.default\">\n\t\t\t\t\t\t\t\t\t\t\t\t\t\t\t<img loading=\"lazy\" decoding=\"async\" width=\"800\" height=\"502\" src=\"https:\/\/sensorpoint.pt\/wp-content\/uploads\/2026\/03\/HID-Global-sombra.png\" class=\"attachment-large size-large wp-image-1753\" alt=\"\" srcset=\"https:\/\/sensorpoint.pt\/wp-content\/uploads\/2026\/03\/HID-Global-sombra.png 954w, https:\/\/sensorpoint.pt\/wp-content\/uploads\/2026\/03\/HID-Global-sombra-300x188.png 300w, https:\/\/sensorpoint.pt\/wp-content\/uploads\/2026\/03\/HID-Global-sombra-768x482.png 768w, https:\/\/sensorpoint.pt\/wp-content\/uploads\/2026\/03\/HID-Global-sombra-18x12.png 18w\" sizes=\"(max-width: 800px) 100vw, 800px\" \/>\t\t\t\t\t\t\t\t\t\t\t\t\t\t\t<\/div>\n\t\t\t\t<\/div>\n\t\t\t\t\t<\/div>\n\t\t\t\t<\/div>\n\t\t<div class=\"elementor-element elementor-element-d5f62f1 e-flex e-con-boxed e-con e-parent\" data-id=\"d5f62f1\" data-element_type=\"container\" data-e-type=\"container\">\n\t\t\t\t\t<div class=\"e-con-inner\">\n\t\t<div class=\"elementor-element elementor-element-1c298e4 e-con-full e-grid e-con e-child\" data-id=\"1c298e4\" data-element_type=\"container\" data-e-type=\"container\">\n\t\t\t\t<div class=\"elementor-element elementor-element-93addab elementor-widget elementor-widget-image\" data-id=\"93addab\" data-element_type=\"widget\" data-e-type=\"widget\" data-widget_type=\"image.default\">\n\t\t\t\t\t\t\t\t\t\t\t\t\t\t\t<img loading=\"lazy\" decoding=\"async\" width=\"800\" height=\"465\" src=\"https:\/\/sensorpoint.pt\/wp-content\/uploads\/2026\/03\/Honeywell-sombra.png\" class=\"attachment-large size-large wp-image-1757\" alt=\"\" srcset=\"https:\/\/sensorpoint.pt\/wp-content\/uploads\/2026\/03\/Honeywell-sombra.png 954w, https:\/\/sensorpoint.pt\/wp-content\/uploads\/2026\/03\/Honeywell-sombra-300x175.png 300w, https:\/\/sensorpoint.pt\/wp-content\/uploads\/2026\/03\/Honeywell-sombra-768x447.png 768w, https:\/\/sensorpoint.pt\/wp-content\/uploads\/2026\/03\/Honeywell-sombra-18x10.png 18w\" sizes=\"(max-width: 800px) 100vw, 800px\" \/>\t\t\t\t\t\t\t\t\t\t\t\t\t\t\t<\/div>\n\t\t<div class=\"elementor-element elementor-element-599721a e-con-full e-flex e-con e-child\" data-id=\"599721a\" data-element_type=\"container\" data-e-type=\"container\">\n\t\t\t\t<div class=\"elementor-element elementor-element-e4ae658 elementor-widget elementor-widget-heading\" data-id=\"e4ae658\" data-element_type=\"widget\" data-e-type=\"widget\" data-widget_type=\"heading.default\">\n\t\t\t\t\t<h2 class=\"elementor-heading-title elementor-size-default\">Honeywell<\/h2>\t\t\t\t<\/div>\n\t\t\t\t<div class=\"elementor-element elementor-element-623983f elementor-widget-divider--view-line elementor-widget elementor-widget-divider\" data-id=\"623983f\" data-element_type=\"widget\" data-e-type=\"widget\" data-widget_type=\"divider.default\">\n\t\t\t\t\t\t\t<div class=\"elementor-divider\">\n\t\t\t<span class=\"elementor-divider-separator\">\n\t\t\t\t\t\t<\/span>\n\t\t<\/div>\n\t\t\t\t\t\t<\/div>\n\t\t\t\t<div class=\"elementor-element elementor-element-d8da60b elementor-widget elementor-widget-text-editor\" data-id=\"d8da60b\" data-element_type=\"widget\" data-e-type=\"widget\" data-widget_type=\"text-editor.default\">\n\t\t\t\t\t\t\t\t\t<p>One of the most widely used solutions when we want an intrusion control panel with professional access control.<\/p>\t\t\t\t\t\t\t\t<\/div>\n\t\t\t\t<div class=\"elementor-element elementor-element-0b6a4d6 elementor-widget elementor-widget-heading\" data-id=\"0b6a4d6\" data-element_type=\"widget\" data-e-type=\"widget\" data-widget_type=\"heading.default\">\n\t\t\t\t\t<h5 class=\"elementor-heading-title elementor-size-default\"><a href=\"https:\/\/www.security.honeywell.com\/uk\/products\/intruder\/control-panels\/accessories\/galaxydimension\/\" target=\"_blank\">Manufacturer's page<\/a><\/h5>\t\t\t\t<\/div>\n\t\t\t\t<\/div>\n\t\t\t\t<\/div>\n\t\t\t\t\t<\/div>\n\t\t\t\t<\/div>\n\t\t<div class=\"elementor-element elementor-element-43293d3 e-flex e-con-boxed e-con e-parent\" data-id=\"43293d3\" data-element_type=\"container\" data-e-type=\"container\">\n\t\t\t\t\t<div class=\"e-con-inner\">\n\t\t<div class=\"elementor-element elementor-element-db6d789 e-con-full e-grid e-con e-child\" data-id=\"db6d789\" data-element_type=\"container\" data-e-type=\"container\">\n\t\t<div class=\"elementor-element elementor-element-9835d7d e-con-full e-flex e-con e-child\" data-id=\"9835d7d\" data-element_type=\"container\" data-e-type=\"container\">\n\t\t\t\t<div class=\"elementor-element elementor-element-b617378 elementor-widget elementor-widget-heading\" data-id=\"b617378\" data-element_type=\"widget\" data-e-type=\"widget\" data-widget_type=\"heading.default\">\n\t\t\t\t\t<h2 class=\"elementor-heading-title elementor-size-default\">Aritech<\/h2>\t\t\t\t<\/div>\n\t\t\t\t<div class=\"elementor-element elementor-element-c0eab13 elementor-widget-divider--view-line elementor-widget elementor-widget-divider\" data-id=\"c0eab13\" data-element_type=\"widget\" data-e-type=\"widget\" data-widget_type=\"divider.default\">\n\t\t\t\t\t\t\t<div class=\"elementor-divider\">\n\t\t\t<span class=\"elementor-divider-separator\">\n\t\t\t\t\t\t<\/span>\n\t\t<\/div>\n\t\t\t\t\t\t<\/div>\n\t\t\t\t<div class=\"elementor-element elementor-element-85b6e5e elementor-widget elementor-widget-text-editor\" data-id=\"85b6e5e\" data-element_type=\"widget\" data-e-type=\"widget\" data-widget_type=\"text-editor.default\">\n\t\t\t\t\t\t\t\t\t<p>One of the most popular access control brands in Portugal. Tested and professional solutions.<\/p>\t\t\t\t\t\t\t\t<\/div>\n\t\t\t\t<div class=\"elementor-element elementor-element-aa0635d elementor-widget elementor-widget-heading\" data-id=\"aa0635d\" data-element_type=\"widget\" data-e-type=\"widget\" data-widget_type=\"heading.default\">\n\t\t\t\t\t<h5 class=\"elementor-heading-title elementor-size-default\"><a href=\"https:\/\/www.kiddeglobalsolutions.com\/\" target=\"_blank\">Manufacturer's page<\/a><\/h5>\t\t\t\t<\/div>\n\t\t\t\t<\/div>\n\t\t\t\t<div class=\"elementor-element elementor-element-ab48da6 elementor-widget elementor-widget-image\" data-id=\"ab48da6\" data-element_type=\"widget\" data-e-type=\"widget\" data-widget_type=\"image.default\">\n\t\t\t\t\t\t\t\t\t\t\t\t\t\t\t<img loading=\"lazy\" decoding=\"async\" width=\"780\" height=\"555\" src=\"https:\/\/sensorpoint.pt\/wp-content\/uploads\/2026\/03\/UTC-sombra.png\" class=\"attachment-large size-large wp-image-1767\" alt=\"\" srcset=\"https:\/\/sensorpoint.pt\/wp-content\/uploads\/2026\/03\/UTC-sombra.png 780w, https:\/\/sensorpoint.pt\/wp-content\/uploads\/2026\/03\/UTC-sombra-300x213.png 300w, https:\/\/sensorpoint.pt\/wp-content\/uploads\/2026\/03\/UTC-sombra-768x546.png 768w, https:\/\/sensorpoint.pt\/wp-content\/uploads\/2026\/03\/UTC-sombra-18x12.png 18w\" sizes=\"(max-width: 780px) 100vw, 780px\" \/>\t\t\t\t\t\t\t\t\t\t\t\t\t\t\t<\/div>\n\t\t\t\t<\/div>\n\t\t\t\t\t<\/div>\n\t\t\t\t<\/div>\n\t\t<div class=\"elementor-element elementor-element-cef174c e-flex e-con-boxed e-con e-parent\" data-id=\"cef174c\" data-element_type=\"container\" data-e-type=\"container\">\n\t\t\t\t\t<div class=\"e-con-inner\">\n\t\t<div class=\"elementor-element elementor-element-fa1e9c6 e-con-full e-grid e-con e-child\" data-id=\"fa1e9c6\" data-element_type=\"container\" data-e-type=\"container\">\n\t\t\t\t<div class=\"elementor-element elementor-element-57f280c elementor-widget elementor-widget-image\" data-id=\"57f280c\" data-element_type=\"widget\" data-e-type=\"widget\" data-widget_type=\"image.default\">\n\t\t\t\t\t\t\t\t\t\t\t\t\t\t\t<img loading=\"lazy\" decoding=\"async\" width=\"800\" height=\"465\" src=\"https:\/\/sensorpoint.pt\/wp-content\/uploads\/2026\/03\/Vanderbilt-sombra-1.png\" class=\"attachment-large size-large wp-image-1763\" alt=\"\" srcset=\"https:\/\/sensorpoint.pt\/wp-content\/uploads\/2026\/03\/Vanderbilt-sombra-1.png 954w, https:\/\/sensorpoint.pt\/wp-content\/uploads\/2026\/03\/Vanderbilt-sombra-1-300x175.png 300w, https:\/\/sensorpoint.pt\/wp-content\/uploads\/2026\/03\/Vanderbilt-sombra-1-768x447.png 768w, https:\/\/sensorpoint.pt\/wp-content\/uploads\/2026\/03\/Vanderbilt-sombra-1-18x10.png 18w\" sizes=\"(max-width: 800px) 100vw, 800px\" \/>\t\t\t\t\t\t\t\t\t\t\t\t\t\t\t<\/div>\n\t\t<div class=\"elementor-element elementor-element-cd969cc e-con-full e-flex e-con e-child\" data-id=\"cd969cc\" data-element_type=\"container\" data-e-type=\"container\">\n\t\t\t\t<div class=\"elementor-element elementor-element-29c27b2 elementor-widget elementor-widget-heading\" data-id=\"29c27b2\" data-element_type=\"widget\" data-e-type=\"widget\" data-widget_type=\"heading.default\">\n\t\t\t\t\t<h2 class=\"elementor-heading-title elementor-size-default\">Vanderbilt<\/h2>\t\t\t\t<\/div>\n\t\t\t\t<div class=\"elementor-element elementor-element-49b8382 elementor-widget-divider--view-line elementor-widget elementor-widget-divider\" data-id=\"49b8382\" data-element_type=\"widget\" data-e-type=\"widget\" data-widget_type=\"divider.default\">\n\t\t\t\t\t\t\t<div class=\"elementor-divider\">\n\t\t\t<span class=\"elementor-divider-separator\">\n\t\t\t\t\t\t<\/span>\n\t\t<\/div>\n\t\t\t\t\t\t<\/div>\n\t\t\t\t<div class=\"elementor-element elementor-element-fdfeab3 elementor-widget elementor-widget-text-editor\" data-id=\"fdfeab3\" data-element_type=\"widget\" data-e-type=\"widget\" data-widget_type=\"text-editor.default\">\n\t\t\t\t\t\t\t\t\t<p>By acquiring Siemens Security, Vanderbilt gained an excellent access control solution.<\/p>\t\t\t\t\t\t\t\t<\/div>\n\t\t\t\t<div class=\"elementor-element elementor-element-6d2b0db elementor-widget elementor-widget-heading\" data-id=\"6d2b0db\" data-element_type=\"widget\" data-e-type=\"widget\" data-widget_type=\"heading.default\">\n\t\t\t\t\t<h5 class=\"elementor-heading-title elementor-size-default\"><a href=\"https:\/\/vanderbiltindustries.com\/products\/access-control\" target=\"_blank\">Manufacturer's page<\/a><\/h5>\t\t\t\t<\/div>\n\t\t\t\t<\/div>\n\t\t\t\t<\/div>\n\t\t\t\t\t<\/div>\n\t\t\t\t<\/div>\n\t\t\t\t<\/div>","protected":false},"excerpt":{"rendered":"<p>Atualmente, os sistemas eletr\u00f3nicos de controlo de acessos necessitam de ir muito para al\u00e9m da mera fun\u00e7\u00e3o de bloquear ou desbloquear portas. O seu neg\u00f3cio necessita de uma solu\u00e7\u00e3o de seguran\u00e7a que lhe ofere\u00e7a todo o controlo e informa\u00e7\u00e3o para que o possa gerir de forma mais eficiente. Os nossos sistemas de controlo de acessos [&hellip;]<\/p>\n","protected":false},"author":1,"featured_media":0,"parent":0,"menu_order":0,"comment_status":"closed","ping_status":"closed","template":"","meta":{"footnotes":""},"class_list":["post-892","page","type-page","status-publish","hentry"],"_links":{"self":[{"href":"https:\/\/sensorpoint.pt\/en\/wp-json\/wp\/v2\/pages\/892","targetHints":{"allow":["GET"]}}],"collection":[{"href":"https:\/\/sensorpoint.pt\/en\/wp-json\/wp\/v2\/pages"}],"about":[{"href":"https:\/\/sensorpoint.pt\/en\/wp-json\/wp\/v2\/types\/page"}],"author":[{"embeddable":true,"href":"https:\/\/sensorpoint.pt\/en\/wp-json\/wp\/v2\/users\/1"}],"replies":[{"embeddable":true,"href":"https:\/\/sensorpoint.pt\/en\/wp-json\/wp\/v2\/comments?post=892"}],"version-history":[{"count":43,"href":"https:\/\/sensorpoint.pt\/en\/wp-json\/wp\/v2\/pages\/892\/revisions"}],"predecessor-version":[{"id":2060,"href":"https:\/\/sensorpoint.pt\/en\/wp-json\/wp\/v2\/pages\/892\/revisions\/2060"}],"wp:attachment":[{"href":"https:\/\/sensorpoint.pt\/en\/wp-json\/wp\/v2\/media?parent=892"}],"curies":[{"name":"wp","href":"https:\/\/api.w.org\/{rel}","templated":true}]}}