{"id":888,"date":"2025-09-29T11:01:55","date_gmt":"2025-09-29T11:01:55","guid":{"rendered":"https:\/\/sp.inovamatic.com\/?page_id=888"},"modified":"2026-03-12T12:20:06","modified_gmt":"2026-03-12T12:20:06","slug":"automacao-e-controlo-de-edificios","status":"publish","type":"page","link":"https:\/\/sensorpoint.pt\/en\/automacao-e-controlo-de-edificios\/","title":{"rendered":"Building Automation and Control"},"content":{"rendered":"<div data-elementor-type=\"wp-page\" data-elementor-id=\"888\" class=\"elementor elementor-888\" data-elementor-post-type=\"page\">\n\t\t\t\t<div class=\"elementor-element elementor-element-7f53827 e-flex e-con-boxed e-con e-parent\" data-id=\"7f53827\" data-element_type=\"container\" data-e-type=\"container\" data-settings=\"{&quot;background_background&quot;:&quot;classic&quot;}\">\n\t\t\t\t\t<div class=\"e-con-inner\">\n\t\t\t\t<div class=\"elementor-element elementor-element-6a571023 elementor-widget elementor-widget-heading\" data-id=\"6a571023\" data-element_type=\"widget\" data-e-type=\"widget\" data-widget_type=\"heading.default\">\n\t\t\t\t\t<h2 class=\"elementor-heading-title elementor-size-default\">Building Automation and Control<\/h2>\t\t\t\t<\/div>\n\t\t\t\t\t<\/div>\n\t\t\t\t<\/div>\n\t\t<div class=\"elementor-element elementor-element-268596dd e-flex e-con-boxed e-con e-parent\" data-id=\"268596dd\" data-element_type=\"container\" data-e-type=\"container\">\n\t\t\t\t\t<div class=\"e-con-inner\">\n\t\t\t\t<div class=\"elementor-element elementor-element-6dcaf40e elementor-widget elementor-widget-text-editor\" data-id=\"6dcaf40e\" data-element_type=\"widget\" data-e-type=\"widget\" data-widget_type=\"text-editor.default\">\n\t\t\t\t\t\t\t\t\t<p>Building automation and control solutions that enhance operational performance, increase energy efficiency and ensure centralised and integrated supervision of all technical installations. Through continuous monitoring and intelligent management of systems such as air conditioning, lighting, security, energy and access control, these solutions allow resources to be optimised, operating costs to be reduced and user comfort to be improved.<\/p><p>Using advanced technologies and intuitive digital platforms, it is possible to obtain real-time data, anticipate failures, plan preventive maintenance and make informed decisions based on performance indicators. In this way, not only is more sustainable and efficient management of buildings assured, but also greater reliability, security and asset appreciation over time.<\/p>\t\t\t\t\t\t\t\t<\/div>\n\t\t\t\t\t<\/div>\n\t\t\t\t<\/div>\n\t\t<div class=\"elementor-element elementor-element-3a685279 e-flex e-con-boxed e-con e-parent\" data-id=\"3a685279\" data-element_type=\"container\" data-e-type=\"container\">\n\t\t\t\t\t<div class=\"e-con-inner\">\n\t\t<div class=\"elementor-element elementor-element-28e4c34 e-con-full e-grid e-con e-child\" data-id=\"28e4c34\" data-element_type=\"container\" data-e-type=\"container\">\n\t\t\t\t<div class=\"elementor-element elementor-element-0bb2797 elementor-widget elementor-widget-image\" data-id=\"0bb2797\" data-element_type=\"widget\" data-e-type=\"widget\" data-widget_type=\"image.default\">\n\t\t\t\t\t\t\t\t\t\t\t\t\t\t\t<img fetchpriority=\"high\" decoding=\"async\" width=\"800\" height=\"484\" src=\"https:\/\/sensorpoint.pt\/wp-content\/uploads\/2026\/03\/nova-jci-1024x620.png\" class=\"attachment-large size-large wp-image-1718\" alt=\"\" srcset=\"https:\/\/sensorpoint.pt\/wp-content\/uploads\/2026\/03\/nova-jci-1024x620.png 1024w, https:\/\/sensorpoint.pt\/wp-content\/uploads\/2026\/03\/nova-jci-300x182.png 300w, https:\/\/sensorpoint.pt\/wp-content\/uploads\/2026\/03\/nova-jci-768x465.png 768w, https:\/\/sensorpoint.pt\/wp-content\/uploads\/2026\/03\/nova-jci-18x12.png 18w, https:\/\/sensorpoint.pt\/wp-content\/uploads\/2026\/03\/nova-jci.png 1150w\" sizes=\"(max-width: 800px) 100vw, 800px\" \/>\t\t\t\t\t\t\t\t\t\t\t\t\t\t\t<\/div>\n\t\t<div class=\"elementor-element elementor-element-a76e350 e-con-full e-flex e-con e-child\" data-id=\"a76e350\" data-element_type=\"container\" data-e-type=\"container\">\n\t\t\t\t<div class=\"elementor-element elementor-element-2a994dd elementor-widget elementor-widget-heading\" data-id=\"2a994dd\" data-element_type=\"widget\" data-e-type=\"widget\" data-widget_type=\"heading.default\">\n\t\t\t\t\t<h2 class=\"elementor-heading-title elementor-size-default\">JCI<\/h2>\t\t\t\t<\/div>\n\t\t\t\t<div class=\"elementor-element elementor-element-0439939 elementor-widget-divider--view-line elementor-widget elementor-widget-divider\" data-id=\"0439939\" data-element_type=\"widget\" data-e-type=\"widget\" data-widget_type=\"divider.default\">\n\t\t\t\t\t\t\t<div class=\"elementor-divider\">\n\t\t\t<span class=\"elementor-divider-separator\">\n\t\t\t\t\t\t<\/span>\n\t\t<\/div>\n\t\t\t\t\t\t<\/div>\n\t\t\t\t<div class=\"elementor-element elementor-element-dc00338 elementor-widget elementor-widget-text-editor\" data-id=\"dc00338\" data-element_type=\"widget\" data-e-type=\"widget\" data-widget_type=\"text-editor.default\">\n\t\t\t\t\t\t\t\t\t<p>O\u00a0<span style=\"font-weight: bold;\">EasyIO<\/span>\u00a0e o\u00a0<span style=\"font-weight: bold;\">Metasys<\/span>\u00a0da Johnson Controls s\u00e3o solu\u00e7\u00f5es de automa\u00e7\u00e3o e controlo de edif\u00edcios que permitem monitorizar e controlar sistemas como AVAC, energia, conforto e ambiente.\u00a0<span style=\"font-weight: bold;\">EasyIO<\/span>\u00a0destaca-se pela flexibilidade e integra\u00e7\u00e3o aberta em redes IP, ideal para controle distribu\u00eddo, e ainda com integra\u00e7\u00f5es modernas como por MQTT, enquanto\u00a0<span style=\"font-weight: bold;\">Metasys<\/span>\u00a0\u00e9 uma plataforma integrada de maior escala para gest\u00e3o centralizada e otimiza\u00e7\u00e3o de edif\u00edcios e campus, focando-se na efici\u00eancia energ\u00e9tica e simplicidade operacional.<\/p>\t\t\t\t\t\t\t\t<\/div>\n\t\t\t\t<div class=\"elementor-element elementor-element-6c9d848 elementor-widget elementor-widget-heading\" data-id=\"6c9d848\" data-element_type=\"widget\" data-e-type=\"widget\" data-widget_type=\"heading.default\">\n\t\t\t\t\t<h5 class=\"elementor-heading-title elementor-size-default\"><a href=\"https:\/\/www.johnsoncontrols.com\/building-automation-and-controls\" target=\"_blank\">Manufacturer's page<\/a><\/h5>\t\t\t\t<\/div>\n\t\t\t\t<\/div>\n\t\t\t\t<\/div>\n\t\t\t\t\t<\/div>\n\t\t\t\t<\/div>\n\t\t<div class=\"elementor-element elementor-element-323f27a e-flex e-con-boxed e-con e-parent\" data-id=\"323f27a\" data-element_type=\"container\" data-e-type=\"container\">\n\t\t\t\t\t<div class=\"e-con-inner\">\n\t\t<div class=\"elementor-element elementor-element-bcf6378 e-con-full e-grid e-con e-child\" data-id=\"bcf6378\" data-element_type=\"container\" data-e-type=\"container\">\n\t\t<div class=\"elementor-element elementor-element-0f6c716 e-con-full e-flex e-con e-child\" data-id=\"0f6c716\" data-element_type=\"container\" data-e-type=\"container\">\n\t\t\t\t<div class=\"elementor-element elementor-element-f6089af elementor-widget elementor-widget-heading\" data-id=\"f6089af\" data-element_type=\"widget\" data-e-type=\"widget\" data-widget_type=\"heading.default\">\n\t\t\t\t\t<h2 class=\"elementor-heading-title elementor-size-default\">Siemens<\/h2>\t\t\t\t<\/div>\n\t\t\t\t<div class=\"elementor-element elementor-element-1aa4abb elementor-widget-divider--view-line elementor-widget elementor-widget-divider\" data-id=\"1aa4abb\" data-element_type=\"widget\" data-e-type=\"widget\" data-widget_type=\"divider.default\">\n\t\t\t\t\t\t\t<div class=\"elementor-divider\">\n\t\t\t<span class=\"elementor-divider-separator\">\n\t\t\t\t\t\t<\/span>\n\t\t<\/div>\n\t\t\t\t\t\t<\/div>\n\t\t\t\t<div class=\"elementor-element elementor-element-f21757d elementor-widget elementor-widget-text-editor\" data-id=\"f21757d\" data-element_type=\"widget\" data-e-type=\"widget\" data-widget_type=\"text-editor.default\">\n\t\t\t\t\t\t\t\t\t<p><span data-teams=\"true\">A <strong>Siemens<\/strong> oferece solu\u00e7\u00f5es abrangentes de automa\u00e7\u00e3o de edif\u00edcios para acelerar a transforma\u00e7\u00e3o de edif\u00edcios inteligentes. Estas solu\u00e7\u00f5es integram AVAC, ilumina\u00e7\u00e3o e seguran\u00e7a, utilizando protocolos abertos e software avan\u00e7ado como o Desigo CC e o Building X. Melhoram o conforto, a efici\u00eancia e a sustentabilidade, apoiando os esfor\u00e7os de descarboniza\u00e7\u00e3o e proporcionando um controlo flex\u00edvel e seguro para diversos tipos de edif\u00edcios.<\/span><\/p>\t\t\t\t\t\t\t\t<\/div>\n\t\t\t\t<div class=\"elementor-element elementor-element-9336c47 elementor-widget elementor-widget-heading\" data-id=\"9336c47\" data-element_type=\"widget\" data-e-type=\"widget\" data-widget_type=\"heading.default\">\n\t\t\t\t\t<h5 class=\"elementor-heading-title elementor-size-default\"><a href=\"https:\/\/www.siemens.com\/en-us\/content\/building-automation-control-systems\/\" target=\"_blank\">Manufacturer's page<\/a><\/h5>\t\t\t\t<\/div>\n\t\t\t\t<\/div>\n\t\t\t\t<div class=\"elementor-element elementor-element-7e38201 elementor-widget elementor-widget-image\" data-id=\"7e38201\" data-element_type=\"widget\" data-e-type=\"widget\" data-widget_type=\"image.default\">\n\t\t\t\t\t\t\t\t\t\t\t\t\t\t\t<img decoding=\"async\" width=\"800\" height=\"452\" src=\"https:\/\/sensorpoint.pt\/wp-content\/uploads\/2026\/03\/siemens-1024x579.png\" class=\"attachment-large size-large wp-image-1735\" alt=\"\" srcset=\"https:\/\/sensorpoint.pt\/wp-content\/uploads\/2026\/03\/siemens-1024x579.png 1024w, https:\/\/sensorpoint.pt\/wp-content\/uploads\/2026\/03\/siemens-300x170.png 300w, https:\/\/sensorpoint.pt\/wp-content\/uploads\/2026\/03\/siemens-768x434.png 768w, https:\/\/sensorpoint.pt\/wp-content\/uploads\/2026\/03\/siemens-18x10.png 18w, https:\/\/sensorpoint.pt\/wp-content\/uploads\/2026\/03\/siemens.png 1253w\" sizes=\"(max-width: 800px) 100vw, 800px\" \/>\t\t\t\t\t\t\t\t\t\t\t\t\t\t\t<\/div>\n\t\t\t\t<\/div>\n\t\t\t\t\t<\/div>\n\t\t\t\t<\/div>\n\t\t\t\t<\/div>","protected":false},"excerpt":{"rendered":"<p>Solu\u00e7\u00f5es de automa\u00e7\u00e3o e controlo de edif\u00edcios que elevam o desempenho operacional, aumentam a efici\u00eancia energ\u00e9tica e garantem uma supervis\u00e3o centralizada e integrada de todas as instala\u00e7\u00f5es t\u00e9cnicas. Atrav\u00e9s da monitoriza\u00e7\u00e3o cont\u00ednua e da gest\u00e3o inteligente de sistemas como climatiza\u00e7\u00e3o, ilumina\u00e7\u00e3o, seguran\u00e7a, energia e controlo de acessos, estas solu\u00e7\u00f5es permitem optimizar recursos, reduzir custos de [&hellip;]<\/p>\n","protected":false},"author":1,"featured_media":0,"parent":0,"menu_order":0,"comment_status":"closed","ping_status":"closed","template":"","meta":{"footnotes":""},"class_list":["post-888","page","type-page","status-publish","hentry"],"_links":{"self":[{"href":"https:\/\/sensorpoint.pt\/en\/wp-json\/wp\/v2\/pages\/888","targetHints":{"allow":["GET"]}}],"collection":[{"href":"https:\/\/sensorpoint.pt\/en\/wp-json\/wp\/v2\/pages"}],"about":[{"href":"https:\/\/sensorpoint.pt\/en\/wp-json\/wp\/v2\/types\/page"}],"author":[{"embeddable":true,"href":"https:\/\/sensorpoint.pt\/en\/wp-json\/wp\/v2\/users\/1"}],"replies":[{"embeddable":true,"href":"https:\/\/sensorpoint.pt\/en\/wp-json\/wp\/v2\/comments?post=888"}],"version-history":[{"count":31,"href":"https:\/\/sensorpoint.pt\/en\/wp-json\/wp\/v2\/pages\/888\/revisions"}],"predecessor-version":[{"id":1738,"href":"https:\/\/sensorpoint.pt\/en\/wp-json\/wp\/v2\/pages\/888\/revisions\/1738"}],"wp:attachment":[{"href":"https:\/\/sensorpoint.pt\/en\/wp-json\/wp\/v2\/media?parent=888"}],"curies":[{"name":"wp","href":"https:\/\/api.w.org\/{rel}","templated":true}]}}