{"id":884,"date":"2025-09-29T11:00:52","date_gmt":"2025-09-29T11:00:52","guid":{"rendered":"https:\/\/sp.inovamatic.com\/?page_id=884"},"modified":"2026-03-12T16:48:03","modified_gmt":"2026-03-12T16:48:03","slug":"tecnologias-de-informacao","status":"publish","type":"page","link":"https:\/\/sensorpoint.pt\/en\/tecnologias-de-informacao\/","title":{"rendered":"Information Technologies"},"content":{"rendered":"<div data-elementor-type=\"wp-page\" data-elementor-id=\"884\" class=\"elementor elementor-884\" data-elementor-post-type=\"page\">\n\t\t\t\t<div class=\"elementor-element elementor-element-7f53827 e-flex e-con-boxed e-con e-parent\" data-id=\"7f53827\" data-element_type=\"container\" data-e-type=\"container\" data-settings=\"{&quot;background_background&quot;:&quot;classic&quot;}\">\n\t\t\t\t\t<div class=\"e-con-inner\">\n\t\t\t\t<div class=\"elementor-element elementor-element-6a571023 elementor-widget elementor-widget-heading\" data-id=\"6a571023\" data-element_type=\"widget\" data-e-type=\"widget\" data-widget_type=\"heading.default\">\n\t\t\t\t\t<h2 class=\"elementor-heading-title elementor-size-default\">Information Technologies<\/h2>\t\t\t\t<\/div>\n\t\t\t\t\t<\/div>\n\t\t\t\t<\/div>\n\t\t<div class=\"elementor-element elementor-element-268596dd e-flex e-con-boxed e-con e-parent\" data-id=\"268596dd\" data-element_type=\"container\" data-e-type=\"container\">\n\t\t\t\t\t<div class=\"e-con-inner\">\n\t\t\t\t<div class=\"elementor-element elementor-element-6dcaf40e elementor-widget elementor-widget-text-editor\" data-id=\"6dcaf40e\" data-element_type=\"widget\" data-e-type=\"widget\" data-widget_type=\"text-editor.default\">\n\t\t\t\t\t\t\t\t\t<p>Computing activity, which ranges from the production, communication, storage and security of information, is transversal to all areas of human activity.<\/p><p>Reliable and secure information infrastructures are currently the greatest challenge for modern businesses, and the security of their information in cyberspace is as important, if not more so, than their own physical security.<\/p>\t\t\t\t\t\t\t\t<\/div>\n\t\t\t\t\t<\/div>\n\t\t\t\t<\/div>\n\t\t<div class=\"elementor-element elementor-element-3a685279 e-flex e-con-boxed e-con e-parent\" data-id=\"3a685279\" data-element_type=\"container\" data-e-type=\"container\">\n\t\t\t\t\t<div class=\"e-con-inner\">\n\t\t<div class=\"elementor-element elementor-element-28e4c34 e-con-full e-grid e-con e-child\" data-id=\"28e4c34\" data-element_type=\"container\" data-e-type=\"container\">\n\t\t\t\t<div class=\"elementor-element elementor-element-0bb2797 elementor-widget elementor-widget-image\" data-id=\"0bb2797\" data-element_type=\"widget\" data-e-type=\"widget\" data-widget_type=\"image.default\">\n\t\t\t\t\t\t\t\t\t\t\t\t\t\t\t<img fetchpriority=\"high\" decoding=\"async\" width=\"780\" height=\"476\" src=\"https:\/\/sensorpoint.pt\/wp-content\/uploads\/2026\/03\/dell-sombra.png\" class=\"attachment-large size-large wp-image-1998\" alt=\"\" srcset=\"https:\/\/sensorpoint.pt\/wp-content\/uploads\/2026\/03\/dell-sombra.png 780w, https:\/\/sensorpoint.pt\/wp-content\/uploads\/2026\/03\/dell-sombra-300x183.png 300w, https:\/\/sensorpoint.pt\/wp-content\/uploads\/2026\/03\/dell-sombra-768x469.png 768w, https:\/\/sensorpoint.pt\/wp-content\/uploads\/2026\/03\/dell-sombra-18x12.png 18w\" sizes=\"(max-width: 780px) 100vw, 780px\" \/>\t\t\t\t\t\t\t\t\t\t\t\t\t\t\t<\/div>\n\t\t<div class=\"elementor-element elementor-element-a76e350 e-con-full e-flex e-con e-child\" data-id=\"a76e350\" data-element_type=\"container\" data-e-type=\"container\">\n\t\t\t\t<div class=\"elementor-element elementor-element-2a994dd elementor-widget elementor-widget-heading\" data-id=\"2a994dd\" data-element_type=\"widget\" data-e-type=\"widget\" data-widget_type=\"heading.default\">\n\t\t\t\t\t<h2 class=\"elementor-heading-title elementor-size-default\">DELL<\/h2>\t\t\t\t<\/div>\n\t\t\t\t<div class=\"elementor-element elementor-element-0439939 elementor-widget-divider--view-line elementor-widget elementor-widget-divider\" data-id=\"0439939\" data-element_type=\"widget\" data-e-type=\"widget\" data-widget_type=\"divider.default\">\n\t\t\t\t\t\t\t<div class=\"elementor-divider\">\n\t\t\t<span class=\"elementor-divider-separator\">\n\t\t\t\t\t\t<\/span>\n\t\t<\/div>\n\t\t\t\t\t\t<\/div>\n\t\t\t\t<div class=\"elementor-element elementor-element-dc00338 elementor-widget elementor-widget-text-editor\" data-id=\"dc00338\" data-element_type=\"widget\" data-e-type=\"widget\" data-widget_type=\"text-editor.default\">\n\t\t\t\t\t\t\t\t\t<p>Dell is the largest computer distribution company in the United States. The company develops and manufactures a wide range of IT products, from personal computers to servers, storage, peripherals and accessories.<\/p>\t\t\t\t\t\t\t\t<\/div>\n\t\t\t\t<div class=\"elementor-element elementor-element-bf0bb12 elementor-widget elementor-widget-heading\" data-id=\"bf0bb12\" data-element_type=\"widget\" data-e-type=\"widget\" data-widget_type=\"heading.default\">\n\t\t\t\t\t<h5 class=\"elementor-heading-title elementor-size-default\"><a href=\"https:\/\/www.dell.com\/pt-pt\/dt\/index.htm\" target=\"_blank\">Manufacturer's page<\/a><\/h5>\t\t\t\t<\/div>\n\t\t\t\t<\/div>\n\t\t\t\t<\/div>\n\t\t\t\t\t<\/div>\n\t\t\t\t<\/div>\n\t\t<div class=\"elementor-element elementor-element-4475a62 e-flex e-con-boxed e-con e-parent\" data-id=\"4475a62\" data-element_type=\"container\" data-e-type=\"container\">\n\t\t\t\t\t<div class=\"e-con-inner\">\n\t\t<div class=\"elementor-element elementor-element-8564905 e-con-full e-grid e-con e-child\" data-id=\"8564905\" data-element_type=\"container\" data-e-type=\"container\">\n\t\t<div class=\"elementor-element elementor-element-31b78b9 e-con-full e-flex e-con e-child\" data-id=\"31b78b9\" data-element_type=\"container\" data-e-type=\"container\">\n\t\t\t\t<div class=\"elementor-element elementor-element-cf0c4f0 elementor-widget elementor-widget-heading\" data-id=\"cf0c4f0\" data-element_type=\"widget\" data-e-type=\"widget\" data-widget_type=\"heading.default\">\n\t\t\t\t\t<h2 class=\"elementor-heading-title elementor-size-default\">CISCO<\/h2>\t\t\t\t<\/div>\n\t\t\t\t<div class=\"elementor-element elementor-element-3fde898 elementor-widget-divider--view-line elementor-widget elementor-widget-divider\" data-id=\"3fde898\" data-element_type=\"widget\" data-e-type=\"widget\" data-widget_type=\"divider.default\">\n\t\t\t\t\t\t\t<div class=\"elementor-divider\">\n\t\t\t<span class=\"elementor-divider-separator\">\n\t\t\t\t\t\t<\/span>\n\t\t<\/div>\n\t\t\t\t\t\t<\/div>\n\t\t\t\t<div class=\"elementor-element elementor-element-9a7ca8d elementor-widget elementor-widget-text-editor\" data-id=\"9a7ca8d\" data-element_type=\"widget\" data-e-type=\"widget\" data-widget_type=\"text-editor.default\">\n\t\t\t\t\t\t\t\t\t<p>When the internet protocol became the standard communication model, Cisco took the lead and became the world's leading manufacturer of routers and switches. Today the company develops and manufactures, in addition to routers and switches, a more complete range of products based on that same protocol, including IP phones and WiFi access points.<\/p>\t\t\t\t\t\t\t\t<\/div>\n\t\t\t\t<div class=\"elementor-element elementor-element-dec82af elementor-widget elementor-widget-heading\" data-id=\"dec82af\" data-element_type=\"widget\" data-e-type=\"widget\" data-widget_type=\"heading.default\">\n\t\t\t\t\t<h5 class=\"elementor-heading-title elementor-size-default\"><a href=\"https:\/\/www.cisco.com\/c\/pt_pt\/index.html\" target=\"_blank\">Manufacturer's page<\/a><\/h5>\t\t\t\t<\/div>\n\t\t\t\t<\/div>\n\t\t\t\t<div class=\"elementor-element elementor-element-7a17ef7 elementor-widget elementor-widget-image\" data-id=\"7a17ef7\" data-element_type=\"widget\" data-e-type=\"widget\" data-widget_type=\"image.default\">\n\t\t\t\t\t\t\t\t\t\t\t\t\t\t\t<img decoding=\"async\" width=\"780\" height=\"476\" src=\"https:\/\/sensorpoint.pt\/wp-content\/uploads\/2026\/03\/cisco-sombra.png\" class=\"attachment-large size-large wp-image-2003\" alt=\"\" srcset=\"https:\/\/sensorpoint.pt\/wp-content\/uploads\/2026\/03\/cisco-sombra.png 780w, https:\/\/sensorpoint.pt\/wp-content\/uploads\/2026\/03\/cisco-sombra-300x183.png 300w, https:\/\/sensorpoint.pt\/wp-content\/uploads\/2026\/03\/cisco-sombra-768x469.png 768w, https:\/\/sensorpoint.pt\/wp-content\/uploads\/2026\/03\/cisco-sombra-18x12.png 18w\" sizes=\"(max-width: 780px) 100vw, 780px\" \/>\t\t\t\t\t\t\t\t\t\t\t\t\t\t\t<\/div>\n\t\t\t\t<\/div>\n\t\t\t\t\t<\/div>\n\t\t\t\t<\/div>\n\t\t<div class=\"elementor-element elementor-element-df9e596 e-flex e-con-boxed e-con e-parent\" data-id=\"df9e596\" data-element_type=\"container\" data-e-type=\"container\">\n\t\t\t\t\t<div class=\"e-con-inner\">\n\t\t<div class=\"elementor-element elementor-element-d03bfb7 e-con-full e-grid e-con e-child\" data-id=\"d03bfb7\" data-element_type=\"container\" data-e-type=\"container\">\n\t\t\t\t<div class=\"elementor-element elementor-element-b8e3b56 elementor-widget elementor-widget-image\" data-id=\"b8e3b56\" data-element_type=\"widget\" data-e-type=\"widget\" data-widget_type=\"image.default\">\n\t\t\t\t\t\t\t\t\t\t\t\t\t\t\t<img decoding=\"async\" width=\"780\" height=\"476\" src=\"https:\/\/sensorpoint.pt\/wp-content\/uploads\/2026\/03\/ibm-sombra.png\" class=\"attachment-large size-large wp-image-2007\" alt=\"\" srcset=\"https:\/\/sensorpoint.pt\/wp-content\/uploads\/2026\/03\/ibm-sombra.png 780w, https:\/\/sensorpoint.pt\/wp-content\/uploads\/2026\/03\/ibm-sombra-300x183.png 300w, https:\/\/sensorpoint.pt\/wp-content\/uploads\/2026\/03\/ibm-sombra-768x469.png 768w, https:\/\/sensorpoint.pt\/wp-content\/uploads\/2026\/03\/ibm-sombra-18x12.png 18w\" sizes=\"(max-width: 780px) 100vw, 780px\" \/>\t\t\t\t\t\t\t\t\t\t\t\t\t\t\t<\/div>\n\t\t<div class=\"elementor-element elementor-element-237c249 e-con-full e-flex e-con e-child\" data-id=\"237c249\" data-element_type=\"container\" data-e-type=\"container\">\n\t\t\t\t<div class=\"elementor-element elementor-element-3d45994 elementor-widget elementor-widget-heading\" data-id=\"3d45994\" data-element_type=\"widget\" data-e-type=\"widget\" data-widget_type=\"heading.default\">\n\t\t\t\t\t<h2 class=\"elementor-heading-title elementor-size-default\">IBM<\/h2>\t\t\t\t<\/div>\n\t\t\t\t<div class=\"elementor-element elementor-element-1dc0680 elementor-widget-divider--view-line elementor-widget elementor-widget-divider\" data-id=\"1dc0680\" data-element_type=\"widget\" data-e-type=\"widget\" data-widget_type=\"divider.default\">\n\t\t\t\t\t\t\t<div class=\"elementor-divider\">\n\t\t\t<span class=\"elementor-divider-separator\">\n\t\t\t\t\t\t<\/span>\n\t\t<\/div>\n\t\t\t\t\t\t<\/div>\n\t\t\t\t<div class=\"elementor-element elementor-element-010e304 elementor-widget elementor-widget-text-editor\" data-id=\"010e304\" data-element_type=\"widget\" data-e-type=\"widget\" data-widget_type=\"text-editor.default\">\n\t\t\t\t\t\t\t\t\t<p>With over 100 years of history, IBM is the world's largest company in the field of Information Technology.<br \/>The company produces hardware, software and provides infrastructure, security and data storage services.<\/p>\t\t\t\t\t\t\t\t<\/div>\n\t\t\t\t<div class=\"elementor-element elementor-element-b983d34 elementor-widget elementor-widget-heading\" data-id=\"b983d34\" data-element_type=\"widget\" data-e-type=\"widget\" data-widget_type=\"heading.default\">\n\t\t\t\t\t<h5 class=\"elementor-heading-title elementor-size-default\"><a href=\"https:\/\/www.ibm.com\/pt-en\" target=\"_blank\">Manufacturer's page<\/a><\/h5>\t\t\t\t<\/div>\n\t\t\t\t<\/div>\n\t\t\t\t<\/div>\n\t\t\t\t\t<\/div>\n\t\t\t\t<\/div>\n\t\t\t\t<\/div>","protected":false},"excerpt":{"rendered":"<p>A atividade de computa\u00e7\u00e3o que vai desde a produ\u00e7\u00e3o, comunica\u00e7\u00e3o, armazenamento e seguran\u00e7a das informa\u00e7\u00f5es \u00e9 transversal a todas as \u00e1reas da atividade humana. Infraestruturas de informa\u00e7\u00e3o fi\u00e1veis e seguras s\u00e3o atualmente o maior desafio das empresas modernas e a seguran\u00e7a das suas informa\u00e7\u00f5es no ciberespa\u00e7o assume uma import\u00e2ncia tanto ou mais importante que a [&hellip;]<\/p>\n","protected":false},"author":1,"featured_media":0,"parent":0,"menu_order":0,"comment_status":"closed","ping_status":"closed","template":"","meta":{"footnotes":""},"class_list":["post-884","page","type-page","status-publish","hentry"],"_links":{"self":[{"href":"https:\/\/sensorpoint.pt\/en\/wp-json\/wp\/v2\/pages\/884","targetHints":{"allow":["GET"]}}],"collection":[{"href":"https:\/\/sensorpoint.pt\/en\/wp-json\/wp\/v2\/pages"}],"about":[{"href":"https:\/\/sensorpoint.pt\/en\/wp-json\/wp\/v2\/types\/page"}],"author":[{"embeddable":true,"href":"https:\/\/sensorpoint.pt\/en\/wp-json\/wp\/v2\/users\/1"}],"replies":[{"embeddable":true,"href":"https:\/\/sensorpoint.pt\/en\/wp-json\/wp\/v2\/comments?post=884"}],"version-history":[{"count":22,"href":"https:\/\/sensorpoint.pt\/en\/wp-json\/wp\/v2\/pages\/884\/revisions"}],"predecessor-version":[{"id":2010,"href":"https:\/\/sensorpoint.pt\/en\/wp-json\/wp\/v2\/pages\/884\/revisions\/2010"}],"wp:attachment":[{"href":"https:\/\/sensorpoint.pt\/en\/wp-json\/wp\/v2\/media?parent=884"}],"curies":[{"name":"wp","href":"https:\/\/api.w.org\/{rel}","templated":true}]}}