{"id":874,"date":"2025-09-29T10:57:21","date_gmt":"2025-09-29T10:57:21","guid":{"rendered":"https:\/\/sp.inovamatic.com\/?page_id=874"},"modified":"2026-03-13T12:38:45","modified_gmt":"2026-03-13T12:38:45","slug":"sistemas-de-extincao-por-agua","status":"publish","type":"page","link":"https:\/\/sensorpoint.pt\/en\/sistemas-de-extincao-por-agua\/","title":{"rendered":"Water Suppression Systems"},"content":{"rendered":"<div data-elementor-type=\"wp-page\" data-elementor-id=\"874\" class=\"elementor elementor-874\" data-elementor-post-type=\"page\">\n\t\t\t\t<div class=\"elementor-element elementor-element-7f53827 e-flex e-con-boxed e-con e-parent\" data-id=\"7f53827\" data-element_type=\"container\" data-e-type=\"container\" data-settings=\"{&quot;background_background&quot;:&quot;classic&quot;}\">\n\t\t\t\t\t<div class=\"e-con-inner\">\n\t\t\t\t<div class=\"elementor-element elementor-element-6a571023 elementor-widget elementor-widget-heading\" data-id=\"6a571023\" data-element_type=\"widget\" data-e-type=\"widget\" data-widget_type=\"heading.default\">\n\t\t\t\t\t<h2 class=\"elementor-heading-title elementor-size-default\">Water Suppression Systems<\/h2>\t\t\t\t<\/div>\n\t\t\t\t\t<\/div>\n\t\t\t\t<\/div>\n\t\t<div class=\"elementor-element elementor-element-268596dd e-flex e-con-boxed e-con e-parent\" data-id=\"268596dd\" data-element_type=\"container\" data-e-type=\"container\">\n\t\t\t\t\t<div class=\"e-con-inner\">\n\t\t\t\t<div class=\"elementor-element elementor-element-6dcaf40e elementor-widget elementor-widget-text-editor\" data-id=\"6dcaf40e\" data-element_type=\"widget\" data-e-type=\"widget\" data-widget_type=\"text-editor.default\">\n\t\t\t\t\t\t\t\t\t<p>Automatic Sprinkler Suppression Systems are systems that use water as the extinguishing agent and have the ability to automatically extinguish\/control a fire at its initial stage, without the need for human intervention.<\/p>\t\t\t\t\t\t\t\t<\/div>\n\t\t\t\t\t<\/div>\n\t\t\t\t<\/div>\n\t\t<div class=\"elementor-element elementor-element-3a685279 e-flex e-con-boxed e-con e-parent\" data-id=\"3a685279\" data-element_type=\"container\" data-e-type=\"container\">\n\t\t\t\t\t<div class=\"e-con-inner\">\n\t\t<div class=\"elementor-element elementor-element-28e4c34 e-con-full e-grid e-con e-child\" data-id=\"28e4c34\" data-element_type=\"container\" data-e-type=\"container\">\n\t\t\t\t<div class=\"elementor-element elementor-element-0bb2797 elementor-widget elementor-widget-image\" data-id=\"0bb2797\" data-element_type=\"widget\" data-e-type=\"widget\" data-widget_type=\"image.default\">\n\t\t\t\t\t\t\t\t\t\t\t\t\t\t\t<img fetchpriority=\"high\" decoding=\"async\" width=\"780\" height=\"476\" src=\"https:\/\/sensorpoint.pt\/wp-content\/uploads\/2026\/03\/Sprinklers-sombra.png\" class=\"attachment-large size-large wp-image-1942\" alt=\"\" srcset=\"https:\/\/sensorpoint.pt\/wp-content\/uploads\/2026\/03\/Sprinklers-sombra.png 780w, https:\/\/sensorpoint.pt\/wp-content\/uploads\/2026\/03\/Sprinklers-sombra-300x183.png 300w, https:\/\/sensorpoint.pt\/wp-content\/uploads\/2026\/03\/Sprinklers-sombra-768x469.png 768w, https:\/\/sensorpoint.pt\/wp-content\/uploads\/2026\/03\/Sprinklers-sombra-18x12.png 18w\" sizes=\"(max-width: 780px) 100vw, 780px\" \/>\t\t\t\t\t\t\t\t\t\t\t\t\t\t\t<\/div>\n\t\t<div class=\"elementor-element elementor-element-a76e350 e-con-full e-flex e-con e-child\" data-id=\"a76e350\" data-element_type=\"container\" data-e-type=\"container\">\n\t\t\t\t<div class=\"elementor-element elementor-element-1c887cd elementor-widget elementor-widget-heading\" data-id=\"1c887cd\" data-element_type=\"widget\" data-e-type=\"widget\" data-widget_type=\"heading.default\">\n\t\t\t\t\t<h2 class=\"elementor-heading-title elementor-size-default\">Tyco<\/h2>\t\t\t\t<\/div>\n\t\t\t\t<div class=\"elementor-element elementor-element-2a994dd elementor-widget elementor-widget-heading\" data-id=\"2a994dd\" data-element_type=\"widget\" data-e-type=\"widget\" data-widget_type=\"heading.default\">\n\t\t\t\t\t<h2 class=\"elementor-heading-title elementor-size-default\">Sprinklers<\/h2>\t\t\t\t<\/div>\n\t\t\t\t<div class=\"elementor-element elementor-element-0439939 elementor-widget-divider--view-line elementor-widget elementor-widget-divider\" data-id=\"0439939\" data-element_type=\"widget\" data-e-type=\"widget\" data-widget_type=\"divider.default\">\n\t\t\t\t\t\t\t<div class=\"elementor-divider\">\n\t\t\t<span class=\"elementor-divider-separator\">\n\t\t\t\t\t\t<\/span>\n\t\t<\/div>\n\t\t\t\t\t\t<\/div>\n\t\t\t\t<div class=\"elementor-element elementor-element-dc00338 elementor-widget elementor-widget-text-editor\" data-id=\"dc00338\" data-element_type=\"widget\" data-e-type=\"widget\" data-widget_type=\"text-editor.default\">\n\t\t\t\t\t\t\t\t\t<p>It is a centenary North American company, world leader in the manufacture of fire detection systems based on UL standards.<\/p>\n<p>Not being a standard product for Europe, where the market requires other standards, it is a product line that adapts to markets where UL Standards are also required or more easily accepted, such as some markets in the African and Asian continents where Sensorpoint also operates.<\/p>\t\t\t\t\t\t\t\t<\/div>\n\t\t\t\t<div class=\"elementor-element elementor-element-9b2a7a2 elementor-widget elementor-widget-heading\" data-id=\"9b2a7a2\" data-element_type=\"widget\" data-e-type=\"widget\" data-widget_type=\"heading.default\">\n\t\t\t\t\t<h5 class=\"elementor-heading-title elementor-size-default\"><a href=\"http:\/\/www.tyco-fire.com\" target=\"_blank\">Manufacturer's page<\/a><\/h5>\t\t\t\t<\/div>\n\t\t\t\t<\/div>\n\t\t\t\t<\/div>\n\t\t\t\t\t<\/div>\n\t\t\t\t<\/div>\n\t\t<div class=\"elementor-element elementor-element-52dcf62 e-flex e-con-boxed e-con e-parent\" data-id=\"52dcf62\" data-element_type=\"container\" data-e-type=\"container\">\n\t\t\t\t\t<div class=\"e-con-inner\">\n\t\t<div class=\"elementor-element elementor-element-0808966 e-con-full e-grid e-con e-child\" data-id=\"0808966\" data-element_type=\"container\" data-e-type=\"container\">\n\t\t<div class=\"elementor-element elementor-element-400f19d e-con-full e-flex e-con e-child\" data-id=\"400f19d\" data-element_type=\"container\" data-e-type=\"container\">\n\t\t\t\t<div class=\"elementor-element elementor-element-4174554 elementor-widget elementor-widget-heading\" data-id=\"4174554\" data-element_type=\"widget\" data-e-type=\"widget\" data-widget_type=\"heading.default\">\n\t\t\t\t\t<h2 class=\"elementor-heading-title elementor-size-default\">Tyco<\/h2>\t\t\t\t<\/div>\n\t\t\t\t<div class=\"elementor-element elementor-element-26282e4 elementor-widget elementor-widget-heading\" data-id=\"26282e4\" data-element_type=\"widget\" data-e-type=\"widget\" data-widget_type=\"heading.default\">\n\t\t\t\t\t<h2 class=\"elementor-heading-title elementor-size-default\">Valves<\/h2>\t\t\t\t<\/div>\n\t\t\t\t<div class=\"elementor-element elementor-element-2934b69 elementor-widget-divider--view-line elementor-widget elementor-widget-divider\" data-id=\"2934b69\" data-element_type=\"widget\" data-e-type=\"widget\" data-widget_type=\"divider.default\">\n\t\t\t\t\t\t\t<div class=\"elementor-divider\">\n\t\t\t<span class=\"elementor-divider-separator\">\n\t\t\t\t\t\t<\/span>\n\t\t<\/div>\n\t\t\t\t\t\t<\/div>\n\t\t\t\t<div class=\"elementor-element elementor-element-244ac05 elementor-widget elementor-widget-text-editor\" data-id=\"244ac05\" data-element_type=\"widget\" data-e-type=\"widget\" data-widget_type=\"text-editor.default\">\n\t\t\t\t\t\t\t\t\t<p>With more than 100 years developing fire detection technologies, Tyco is the most important brand dedicated to the European market.<\/p>\n<p>It currently produces a complete range of products in accordance with EN54 standards and certifications valid for all European countries, namely the most demanding ones, such as LPCB, VdS and even NF certifications in some of its variants, also very important in French-speaking countries in Africa, markets where Sensorpoint operates.<\/p>\t\t\t\t\t\t\t\t<\/div>\n\t\t\t\t<div class=\"elementor-element elementor-element-e32111e elementor-widget elementor-widget-heading\" data-id=\"e32111e\" data-element_type=\"widget\" data-e-type=\"widget\" data-widget_type=\"heading.default\">\n\t\t\t\t\t<h5 class=\"elementor-heading-title elementor-size-default\"><a href=\"http:\/\/www.tyco-fire.com\" target=\"_blank\">Manufacturer's page<\/a><\/h5>\t\t\t\t<\/div>\n\t\t\t\t<\/div>\n\t\t\t\t<div class=\"elementor-element elementor-element-a453cff elementor-widget elementor-widget-image\" data-id=\"a453cff\" data-element_type=\"widget\" data-e-type=\"widget\" data-widget_type=\"image.default\">\n\t\t\t\t\t\t\t\t\t\t\t\t\t\t\t<img decoding=\"async\" width=\"780\" height=\"476\" src=\"https:\/\/sensorpoint.pt\/wp-content\/uploads\/2026\/03\/valvulas-sombra.png\" class=\"attachment-large size-large wp-image-1946\" alt=\"\" srcset=\"https:\/\/sensorpoint.pt\/wp-content\/uploads\/2026\/03\/valvulas-sombra.png 780w, https:\/\/sensorpoint.pt\/wp-content\/uploads\/2026\/03\/valvulas-sombra-300x183.png 300w, https:\/\/sensorpoint.pt\/wp-content\/uploads\/2026\/03\/valvulas-sombra-768x469.png 768w, https:\/\/sensorpoint.pt\/wp-content\/uploads\/2026\/03\/valvulas-sombra-18x12.png 18w\" sizes=\"(max-width: 780px) 100vw, 780px\" \/>\t\t\t\t\t\t\t\t\t\t\t\t\t\t\t<\/div>\n\t\t\t\t<\/div>\n\t\t\t\t\t<\/div>\n\t\t\t\t<\/div>\n\t\t<div class=\"elementor-element elementor-element-a296f16 e-flex e-con-boxed e-con e-parent\" data-id=\"a296f16\" data-element_type=\"container\" data-e-type=\"container\">\n\t\t\t\t\t<div class=\"e-con-inner\">\n\t\t<div class=\"elementor-element elementor-element-0174535 e-con-full e-grid e-con e-child\" data-id=\"0174535\" data-element_type=\"container\" data-e-type=\"container\">\n\t\t\t\t<div class=\"elementor-element elementor-element-0199a34 elementor-widget elementor-widget-image\" data-id=\"0199a34\" data-element_type=\"widget\" data-e-type=\"widget\" data-widget_type=\"image.default\">\n\t\t\t\t\t\t\t\t\t\t\t\t\t\t\t<img decoding=\"async\" width=\"780\" height=\"476\" src=\"https:\/\/sensorpoint.pt\/wp-content\/uploads\/2026\/03\/Acessorios-sombra.png\" class=\"attachment-large size-large wp-image-1948\" alt=\"\" srcset=\"https:\/\/sensorpoint.pt\/wp-content\/uploads\/2026\/03\/Acessorios-sombra.png 780w, https:\/\/sensorpoint.pt\/wp-content\/uploads\/2026\/03\/Acessorios-sombra-300x183.png 300w, https:\/\/sensorpoint.pt\/wp-content\/uploads\/2026\/03\/Acessorios-sombra-768x469.png 768w, https:\/\/sensorpoint.pt\/wp-content\/uploads\/2026\/03\/Acessorios-sombra-18x12.png 18w\" sizes=\"(max-width: 780px) 100vw, 780px\" \/>\t\t\t\t\t\t\t\t\t\t\t\t\t\t\t<\/div>\n\t\t<div class=\"elementor-element elementor-element-d84765b e-con-full e-flex e-con e-child\" data-id=\"d84765b\" data-element_type=\"container\" data-e-type=\"container\">\n\t\t\t\t<div class=\"elementor-element elementor-element-a02148f elementor-widget elementor-widget-heading\" data-id=\"a02148f\" data-element_type=\"widget\" data-e-type=\"widget\" data-widget_type=\"heading.default\">\n\t\t\t\t\t<h2 class=\"elementor-heading-title elementor-size-default\">Tyco<\/h2>\t\t\t\t<\/div>\n\t\t\t\t<div class=\"elementor-element elementor-element-e85f992 elementor-widget elementor-widget-heading\" data-id=\"e85f992\" data-element_type=\"widget\" data-e-type=\"widget\" data-widget_type=\"heading.default\">\n\t\t\t\t\t<h2 class=\"elementor-heading-title elementor-size-default\">Accessories<\/h2>\t\t\t\t<\/div>\n\t\t\t\t<div class=\"elementor-element elementor-element-be52d9e elementor-widget-divider--view-line elementor-widget elementor-widget-divider\" data-id=\"be52d9e\" data-element_type=\"widget\" data-e-type=\"widget\" data-widget_type=\"divider.default\">\n\t\t\t\t\t\t\t<div class=\"elementor-divider\">\n\t\t\t<span class=\"elementor-divider-separator\">\n\t\t\t\t\t\t<\/span>\n\t\t<\/div>\n\t\t\t\t\t\t<\/div>\n\t\t\t\t<div class=\"elementor-element elementor-element-babc2dd elementor-widget elementor-widget-text-editor\" data-id=\"babc2dd\" data-element_type=\"widget\" data-e-type=\"widget\" data-widget_type=\"text-editor.default\">\n\t\t\t\t\t\t\t\t\t<p>The Tyco group has vast experience in the production of fire safety products.<\/p>\n<p>The Fireclass product range was specially designed for small and medium-sized systems where technical specifications are not highly demanding, but quality and reliability are of the utmost importance.<\/p>\t\t\t\t\t\t\t\t<\/div>\n\t\t\t\t<div class=\"elementor-element elementor-element-62a52d5 elementor-widget elementor-widget-heading\" data-id=\"62a52d5\" data-element_type=\"widget\" data-e-type=\"widget\" data-widget_type=\"heading.default\">\n\t\t\t\t\t<h5 class=\"elementor-heading-title elementor-size-default\"><a href=\"http:\/\/www.tyco-fire.com\" target=\"_blank\">Manufacturer's page<\/a><\/h5>\t\t\t\t<\/div>\n\t\t\t\t<\/div>\n\t\t\t\t<\/div>\n\t\t\t\t\t<\/div>\n\t\t\t\t<\/div>\n\t\t\t\t<\/div>","protected":false},"excerpt":{"rendered":"<p>Os Sistemas de Extin\u00e7\u00e3o Autom\u00e1tica por Sprinklers s\u00e3o sistemas que utilizam como agente extintor a \u00e1gua e que t\u00eam a capacidade de extinguir\/controlar um foco de inc\u00eandio, na sua fase inicial, de forma autom\u00e1tica, isto \u00e9, sem que exista necessidade de interven\u00e7\u00e3o humana. Tyco Sprinklers \u00c9 uma centen\u00e1ria empresa Norte Americana, l\u00edder mundial na fabrica\u00e7\u00e3o [&hellip;]<\/p>\n","protected":false},"author":1,"featured_media":0,"parent":0,"menu_order":0,"comment_status":"closed","ping_status":"closed","template":"","meta":{"footnotes":""},"class_list":["post-874","page","type-page","status-publish","hentry"],"_links":{"self":[{"href":"https:\/\/sensorpoint.pt\/en\/wp-json\/wp\/v2\/pages\/874","targetHints":{"allow":["GET"]}}],"collection":[{"href":"https:\/\/sensorpoint.pt\/en\/wp-json\/wp\/v2\/pages"}],"about":[{"href":"https:\/\/sensorpoint.pt\/en\/wp-json\/wp\/v2\/types\/page"}],"author":[{"embeddable":true,"href":"https:\/\/sensorpoint.pt\/en\/wp-json\/wp\/v2\/users\/1"}],"replies":[{"embeddable":true,"href":"https:\/\/sensorpoint.pt\/en\/wp-json\/wp\/v2\/comments?post=874"}],"version-history":[{"count":31,"href":"https:\/\/sensorpoint.pt\/en\/wp-json\/wp\/v2\/pages\/874\/revisions"}],"predecessor-version":[{"id":2051,"href":"https:\/\/sensorpoint.pt\/en\/wp-json\/wp\/v2\/pages\/874\/revisions\/2051"}],"wp:attachment":[{"href":"https:\/\/sensorpoint.pt\/en\/wp-json\/wp\/v2\/media?parent=874"}],"curies":[{"name":"wp","href":"https:\/\/api.w.org\/{rel}","templated":true}]}}