{"id":870,"date":"2025-09-29T10:54:54","date_gmt":"2025-09-29T10:54:54","guid":{"rendered":"https:\/\/sp.inovamatic.com\/?page_id=870"},"modified":"2026-03-13T12:37:18","modified_gmt":"2026-03-13T12:37:18","slug":"sistemas-de-evacuacao-por-voz","status":"publish","type":"page","link":"https:\/\/sensorpoint.pt\/en\/sistemas-de-evacuacao-por-voz\/","title":{"rendered":"Voice Evacuation Systems"},"content":{"rendered":"<div data-elementor-type=\"wp-page\" data-elementor-id=\"870\" class=\"elementor elementor-870\" data-elementor-post-type=\"page\">\n\t\t\t\t<div class=\"elementor-element elementor-element-7f53827 e-flex e-con-boxed e-con e-parent\" data-id=\"7f53827\" data-element_type=\"container\" data-e-type=\"container\" data-settings=\"{&quot;background_background&quot;:&quot;classic&quot;}\">\n\t\t\t\t\t<div class=\"e-con-inner\">\n\t\t\t\t<div class=\"elementor-element elementor-element-6a571023 elementor-widget elementor-widget-heading\" data-id=\"6a571023\" data-element_type=\"widget\" data-e-type=\"widget\" data-widget_type=\"heading.default\">\n\t\t\t\t\t<h2 class=\"elementor-heading-title elementor-size-default\">Voice Evacuation Systems<\/h2>\t\t\t\t<\/div>\n\t\t\t\t\t<\/div>\n\t\t\t\t<\/div>\n\t\t<div class=\"elementor-element elementor-element-268596dd e-flex e-con-boxed e-con e-parent\" data-id=\"268596dd\" data-element_type=\"container\" data-e-type=\"container\">\n\t\t\t\t\t<div class=\"e-con-inner\">\n\t\t\t\t<div class=\"elementor-element elementor-element-6dcaf40e elementor-widget elementor-widget-text-editor\" data-id=\"6dcaf40e\" data-element_type=\"widget\" data-e-type=\"widget\" data-widget_type=\"text-editor.default\">\n\t\t\t\t\t\t\t\t\t<p>An ambient sound system or Public Address (PA) system is a combination of a set of audio equipment that enables the transmission and broadcasting of an audio signal throughout a premises.<\/p>\t\t\t\t\t\t\t\t<\/div>\n\t\t\t\t\t<\/div>\n\t\t\t\t<\/div>\n\t\t<div class=\"elementor-element elementor-element-3a685279 e-flex e-con-boxed e-con e-parent\" data-id=\"3a685279\" data-element_type=\"container\" data-e-type=\"container\">\n\t\t\t\t\t<div class=\"e-con-inner\">\n\t\t<div class=\"elementor-element elementor-element-28e4c34 e-con-full e-grid e-con e-child\" data-id=\"28e4c34\" data-element_type=\"container\" data-e-type=\"container\">\n\t\t\t\t<div class=\"elementor-element elementor-element-a4659a1 elementor-widget elementor-widget-image\" data-id=\"a4659a1\" data-element_type=\"widget\" data-e-type=\"widget\" data-widget_type=\"image.default\">\n\t\t\t\t\t\t\t\t\t\t\t\t\t\t\t<img fetchpriority=\"high\" decoding=\"async\" width=\"780\" height=\"476\" src=\"https:\/\/sensorpoint.pt\/wp-content\/uploads\/2026\/03\/Ambient-System-sombra.png\" class=\"attachment-large size-large wp-image-1894\" alt=\"\" srcset=\"https:\/\/sensorpoint.pt\/wp-content\/uploads\/2026\/03\/Ambient-System-sombra.png 780w, https:\/\/sensorpoint.pt\/wp-content\/uploads\/2026\/03\/Ambient-System-sombra-300x183.png 300w, https:\/\/sensorpoint.pt\/wp-content\/uploads\/2026\/03\/Ambient-System-sombra-768x469.png 768w, https:\/\/sensorpoint.pt\/wp-content\/uploads\/2026\/03\/Ambient-System-sombra-18x12.png 18w\" sizes=\"(max-width: 780px) 100vw, 780px\" \/>\t\t\t\t\t\t\t\t\t\t\t\t\t\t\t<\/div>\n\t\t<div class=\"elementor-element elementor-element-a76e350 e-con-full e-flex e-con e-child\" data-id=\"a76e350\" data-element_type=\"container\" data-e-type=\"container\">\n\t\t\t\t<div class=\"elementor-element elementor-element-2a994dd elementor-widget elementor-widget-heading\" data-id=\"2a994dd\" data-element_type=\"widget\" data-e-type=\"widget\" data-widget_type=\"heading.default\">\n\t\t\t\t\t<h2 class=\"elementor-heading-title elementor-size-default\">Ambient System<\/h2>\t\t\t\t<\/div>\n\t\t\t\t<div class=\"elementor-element elementor-element-0439939 elementor-widget-divider--view-line elementor-widget elementor-widget-divider\" data-id=\"0439939\" data-element_type=\"widget\" data-e-type=\"widget\" data-widget_type=\"divider.default\">\n\t\t\t\t\t\t\t<div class=\"elementor-divider\">\n\t\t\t<span class=\"elementor-divider-separator\">\n\t\t\t\t\t\t<\/span>\n\t\t<\/div>\n\t\t\t\t\t\t<\/div>\n\t\t\t\t<div class=\"elementor-element elementor-element-dc00338 elementor-widget elementor-widget-text-editor\" data-id=\"dc00338\" data-element_type=\"widget\" data-e-type=\"widget\" data-widget_type=\"text-editor.default\">\n\t\t\t\t\t\t\t\t\t<p>For 25 years, Ambient System has been manufacturing products for the security industry, namely Voice Alarm systems for integration with fire detection systems. When designing its products, the latest technologies are used, enabling the creation of solutions with intelligent functionality and flexibility. The brand is continually improving its processes and products to the satisfaction of its customers.<\/p>\t\t\t\t\t\t\t\t<\/div>\n\t\t\t\t<div class=\"elementor-element elementor-element-9b2a7a2 elementor-widget elementor-widget-heading\" data-id=\"9b2a7a2\" data-element_type=\"widget\" data-e-type=\"widget\" data-widget_type=\"heading.default\">\n\t\t\t\t\t<h5 class=\"elementor-heading-title elementor-size-default\"><a href=\"https:\/\/ambientsystem.eu\/en\/\" target=\"_blank\">Manufacturer's page<\/a><\/h5>\t\t\t\t<\/div>\n\t\t\t\t<\/div>\n\t\t\t\t<\/div>\n\t\t\t\t\t<\/div>\n\t\t\t\t<\/div>\n\t\t<div class=\"elementor-element elementor-element-52dcf62 e-flex e-con-boxed e-con e-parent\" data-id=\"52dcf62\" data-element_type=\"container\" data-e-type=\"container\">\n\t\t\t\t\t<div class=\"e-con-inner\">\n\t\t<div class=\"elementor-element elementor-element-0808966 e-con-full e-grid e-con e-child\" data-id=\"0808966\" data-element_type=\"container\" data-e-type=\"container\">\n\t\t<div class=\"elementor-element elementor-element-400f19d e-con-full e-flex e-con e-child\" data-id=\"400f19d\" data-element_type=\"container\" data-e-type=\"container\">\n\t\t\t\t<div class=\"elementor-element elementor-element-26282e4 elementor-widget elementor-widget-heading\" data-id=\"26282e4\" data-element_type=\"widget\" data-e-type=\"widget\" data-widget_type=\"heading.default\">\n\t\t\t\t\t<h2 class=\"elementor-heading-title elementor-size-default\">Keenfinity (Antiga Bosch)<\/h2>\t\t\t\t<\/div>\n\t\t\t\t<div class=\"elementor-element elementor-element-2934b69 elementor-widget-divider--view-line elementor-widget elementor-widget-divider\" data-id=\"2934b69\" data-element_type=\"widget\" data-e-type=\"widget\" data-widget_type=\"divider.default\">\n\t\t\t\t\t\t\t<div class=\"elementor-divider\">\n\t\t\t<span class=\"elementor-divider-separator\">\n\t\t\t\t\t\t<\/span>\n\t\t<\/div>\n\t\t\t\t\t\t<\/div>\n\t\t\t\t<div class=\"elementor-element elementor-element-244ac05 elementor-widget elementor-widget-text-editor\" data-id=\"244ac05\" data-element_type=\"widget\" data-e-type=\"widget\" data-widget_type=\"text-editor.default\">\n\t\t\t\t\t\t\t\t\t<p>A high-quality sound and voice evacuation system is essential to meet the challenges of protection and safety.<\/p>\n<p>To be truly effective, the sound and emergency system must offer exceptional performance and reliability. Bosch has been supplying systems and components for major transport terminals, churches, public buildings, commercial buildings, schools and shopping centres around the world.<\/p>\t\t\t\t\t\t\t\t<\/div>\n\t\t\t\t<div class=\"elementor-element elementor-element-e32111e elementor-widget elementor-widget-heading\" data-id=\"e32111e\" data-element_type=\"widget\" data-e-type=\"widget\" data-widget_type=\"heading.default\">\n\t\t\t\t\t<h5 class=\"elementor-heading-title elementor-size-default\"><a href=\"http:\/\/www.keenfinity-group.com\" target=\"_blank\">Manufacturer's page<\/a><\/h5>\t\t\t\t<\/div>\n\t\t\t\t<\/div>\n\t\t\t\t<div class=\"elementor-element elementor-element-a453cff elementor-widget elementor-widget-image\" data-id=\"a453cff\" data-element_type=\"widget\" data-e-type=\"widget\" data-widget_type=\"image.default\">\n\t\t\t\t\t\t\t\t\t\t\t\t\t\t\t<img decoding=\"async\" width=\"780\" height=\"476\" src=\"https:\/\/sensorpoint.pt\/wp-content\/uploads\/2026\/03\/Bosch-sombra.png\" class=\"attachment-large size-large wp-image-1896\" alt=\"\" srcset=\"https:\/\/sensorpoint.pt\/wp-content\/uploads\/2026\/03\/Bosch-sombra.png 780w, https:\/\/sensorpoint.pt\/wp-content\/uploads\/2026\/03\/Bosch-sombra-300x183.png 300w, https:\/\/sensorpoint.pt\/wp-content\/uploads\/2026\/03\/Bosch-sombra-768x469.png 768w, https:\/\/sensorpoint.pt\/wp-content\/uploads\/2026\/03\/Bosch-sombra-18x12.png 18w\" sizes=\"(max-width: 780px) 100vw, 780px\" \/>\t\t\t\t\t\t\t\t\t\t\t\t\t\t\t<\/div>\n\t\t\t\t<\/div>\n\t\t\t\t\t<\/div>\n\t\t\t\t<\/div>\n\t\t<div class=\"elementor-element elementor-element-a296f16 e-flex e-con-boxed e-con e-parent\" data-id=\"a296f16\" data-element_type=\"container\" data-e-type=\"container\">\n\t\t\t\t\t<div class=\"e-con-inner\">\n\t\t<div class=\"elementor-element elementor-element-0174535 e-con-full e-grid e-con e-child\" data-id=\"0174535\" data-element_type=\"container\" data-e-type=\"container\">\n\t\t\t\t<div class=\"elementor-element elementor-element-0199a34 elementor-widget elementor-widget-image\" data-id=\"0199a34\" data-element_type=\"widget\" data-e-type=\"widget\" data-widget_type=\"image.default\">\n\t\t\t\t\t\t\t\t\t\t\t\t\t\t\t<img decoding=\"async\" width=\"780\" height=\"476\" src=\"https:\/\/sensorpoint.pt\/wp-content\/uploads\/2026\/03\/bouyer-sombra.png\" class=\"attachment-large size-large wp-image-1897\" alt=\"\" srcset=\"https:\/\/sensorpoint.pt\/wp-content\/uploads\/2026\/03\/bouyer-sombra.png 780w, https:\/\/sensorpoint.pt\/wp-content\/uploads\/2026\/03\/bouyer-sombra-300x183.png 300w, https:\/\/sensorpoint.pt\/wp-content\/uploads\/2026\/03\/bouyer-sombra-768x469.png 768w, https:\/\/sensorpoint.pt\/wp-content\/uploads\/2026\/03\/bouyer-sombra-18x12.png 18w\" sizes=\"(max-width: 780px) 100vw, 780px\" \/>\t\t\t\t\t\t\t\t\t\t\t\t\t\t\t<\/div>\n\t\t<div class=\"elementor-element elementor-element-d84765b e-con-full e-flex e-con e-child\" data-id=\"d84765b\" data-element_type=\"container\" data-e-type=\"container\">\n\t\t\t\t<div class=\"elementor-element elementor-element-e85f992 elementor-widget elementor-widget-heading\" data-id=\"e85f992\" data-element_type=\"widget\" data-e-type=\"widget\" data-widget_type=\"heading.default\">\n\t\t\t\t\t<h2 class=\"elementor-heading-title elementor-size-default\">Bouyer<\/h2>\t\t\t\t<\/div>\n\t\t\t\t<div class=\"elementor-element elementor-element-be52d9e elementor-widget-divider--view-line elementor-widget elementor-widget-divider\" data-id=\"be52d9e\" data-element_type=\"widget\" data-e-type=\"widget\" data-widget_type=\"divider.default\">\n\t\t\t\t\t\t\t<div class=\"elementor-divider\">\n\t\t\t<span class=\"elementor-divider-separator\">\n\t\t\t\t\t\t<\/span>\n\t\t<\/div>\n\t\t\t\t\t\t<\/div>\n\t\t\t\t<div class=\"elementor-element elementor-element-babc2dd elementor-widget elementor-widget-text-editor\" data-id=\"babc2dd\" data-element_type=\"widget\" data-e-type=\"widget\" data-widget_type=\"text-editor.default\">\n\t\t\t\t\t\t\t\t\t<p>Alongside the development and manufacture of a complete range of electroacoustic equipment (amplifiers, loudspeakers, microphones\u2026), Bouyer also designs specific materials.<\/p>\n<p>Our team has a perfect command of the business, which makes it possible to provide ideal solutions in terms of efficiency, ease of integration and simplicity of operation.<\/p>\t\t\t\t\t\t\t\t<\/div>\n\t\t\t\t<div class=\"elementor-element elementor-element-62a52d5 elementor-widget elementor-widget-heading\" data-id=\"62a52d5\" data-element_type=\"widget\" data-e-type=\"widget\" data-widget_type=\"heading.default\">\n\t\t\t\t\t<h5 class=\"elementor-heading-title elementor-size-default\"><a href=\"http:\/\/www.bouyer.com\/\" target=\"_blank\">Manufacturer's page<\/a><\/h5>\t\t\t\t<\/div>\n\t\t\t\t<\/div>\n\t\t\t\t<\/div>\n\t\t\t\t\t<\/div>\n\t\t\t\t<\/div>\n\t\t<div class=\"elementor-element elementor-element-c77c615 e-flex e-con-boxed e-con e-parent\" data-id=\"c77c615\" data-element_type=\"container\" data-e-type=\"container\">\n\t\t\t\t\t<div class=\"e-con-inner\">\n\t\t<div class=\"elementor-element elementor-element-7249346 e-con-full e-grid e-con e-child\" data-id=\"7249346\" data-element_type=\"container\" data-e-type=\"container\">\n\t\t<div class=\"elementor-element elementor-element-fef4cab e-con-full e-flex e-con e-child\" data-id=\"fef4cab\" data-element_type=\"container\" data-e-type=\"container\">\n\t\t\t\t<div class=\"elementor-element elementor-element-c8d54c4 elementor-widget elementor-widget-heading\" data-id=\"c8d54c4\" data-element_type=\"widget\" data-e-type=\"widget\" data-widget_type=\"heading.default\">\n\t\t\t\t\t<h2 class=\"elementor-heading-title elementor-size-default\">TOA<\/h2>\t\t\t\t<\/div>\n\t\t\t\t<div class=\"elementor-element elementor-element-98ef328 elementor-widget-divider--view-line elementor-widget elementor-widget-divider\" data-id=\"98ef328\" data-element_type=\"widget\" data-e-type=\"widget\" data-widget_type=\"divider.default\">\n\t\t\t\t\t\t\t<div class=\"elementor-divider\">\n\t\t\t<span class=\"elementor-divider-separator\">\n\t\t\t\t\t\t<\/span>\n\t\t<\/div>\n\t\t\t\t\t\t<\/div>\n\t\t\t\t<div class=\"elementor-element elementor-element-6f98ae7 elementor-widget elementor-widget-text-editor\" data-id=\"6f98ae7\" data-element_type=\"widget\" data-e-type=\"widget\" data-widget_type=\"text-editor.default\">\n\t\t\t\t\t\t\t\t\t<p>TOA is a company founded in 1934, in Kobe, Japan.<\/p>\n<p>We provide innovative solutions and products, focusing on those that deliver sound.<\/p>\n<p>What TOA values is people's smiles. With more than 30 locations, we contribute to creating a safe and reliable society globally with enthusiasm, supporting the needs of the local community.<\/p>\t\t\t\t\t\t\t\t<\/div>\n\t\t\t\t<div class=\"elementor-element elementor-element-20d8146 elementor-widget elementor-widget-heading\" data-id=\"20d8146\" data-element_type=\"widget\" data-e-type=\"widget\" data-widget_type=\"heading.default\">\n\t\t\t\t\t<h5 class=\"elementor-heading-title elementor-size-default\"><a href=\"https:\/\/www.toa.jp\/\" target=\"_blank\">Manufacturer's page<\/a><\/h5>\t\t\t\t<\/div>\n\t\t\t\t<\/div>\n\t\t\t\t<div class=\"elementor-element elementor-element-d2be88c elementor-widget elementor-widget-image\" data-id=\"d2be88c\" data-element_type=\"widget\" data-e-type=\"widget\" data-widget_type=\"image.default\">\n\t\t\t\t\t\t\t\t\t\t\t\t\t\t\t<img loading=\"lazy\" decoding=\"async\" width=\"780\" height=\"476\" src=\"https:\/\/sensorpoint.pt\/wp-content\/uploads\/2026\/03\/TOA-sombra.png\" class=\"attachment-large size-large wp-image-1901\" alt=\"\" srcset=\"https:\/\/sensorpoint.pt\/wp-content\/uploads\/2026\/03\/TOA-sombra.png 780w, https:\/\/sensorpoint.pt\/wp-content\/uploads\/2026\/03\/TOA-sombra-300x183.png 300w, https:\/\/sensorpoint.pt\/wp-content\/uploads\/2026\/03\/TOA-sombra-768x469.png 768w, https:\/\/sensorpoint.pt\/wp-content\/uploads\/2026\/03\/TOA-sombra-18x12.png 18w\" sizes=\"(max-width: 780px) 100vw, 780px\" \/>\t\t\t\t\t\t\t\t\t\t\t\t\t\t\t<\/div>\n\t\t\t\t<\/div>\n\t\t\t\t\t<\/div>\n\t\t\t\t<\/div>\n\t\t<div class=\"elementor-element elementor-element-e6463e4 e-flex e-con-boxed e-con e-parent\" data-id=\"e6463e4\" data-element_type=\"container\" data-e-type=\"container\">\n\t\t\t\t\t<div class=\"e-con-inner\">\n\t\t<div class=\"elementor-element elementor-element-1eb8ee4 e-con-full e-grid e-con e-child\" data-id=\"1eb8ee4\" data-element_type=\"container\" data-e-type=\"container\">\n\t\t\t\t<div class=\"elementor-element elementor-element-295ec3a elementor-widget elementor-widget-image\" data-id=\"295ec3a\" data-element_type=\"widget\" data-e-type=\"widget\" data-widget_type=\"image.default\">\n\t\t\t\t\t\t\t\t\t\t\t\t\t\t\t<img loading=\"lazy\" decoding=\"async\" width=\"780\" height=\"476\" src=\"https:\/\/sensorpoint.pt\/wp-content\/uploads\/2026\/03\/fonestar-768x456-1-sombra.png\" class=\"attachment-large size-large wp-image-1905\" alt=\"\" srcset=\"https:\/\/sensorpoint.pt\/wp-content\/uploads\/2026\/03\/fonestar-768x456-1-sombra.png 780w, https:\/\/sensorpoint.pt\/wp-content\/uploads\/2026\/03\/fonestar-768x456-1-sombra-300x183.png 300w, https:\/\/sensorpoint.pt\/wp-content\/uploads\/2026\/03\/fonestar-768x456-1-sombra-768x469.png 768w, https:\/\/sensorpoint.pt\/wp-content\/uploads\/2026\/03\/fonestar-768x456-1-sombra-18x12.png 18w\" sizes=\"(max-width: 780px) 100vw, 780px\" \/>\t\t\t\t\t\t\t\t\t\t\t\t\t\t\t<\/div>\n\t\t<div class=\"elementor-element elementor-element-d6357fc e-con-full e-flex e-con e-child\" data-id=\"d6357fc\" data-element_type=\"container\" data-e-type=\"container\">\n\t\t\t\t<div class=\"elementor-element elementor-element-e356f23 elementor-widget elementor-widget-heading\" data-id=\"e356f23\" data-element_type=\"widget\" data-e-type=\"widget\" data-widget_type=\"heading.default\">\n\t\t\t\t\t<h2 class=\"elementor-heading-title elementor-size-default\">Fonestar<\/h2>\t\t\t\t<\/div>\n\t\t\t\t<div class=\"elementor-element elementor-element-f3eced8 elementor-widget-divider--view-line elementor-widget elementor-widget-divider\" data-id=\"f3eced8\" data-element_type=\"widget\" data-e-type=\"widget\" data-widget_type=\"divider.default\">\n\t\t\t\t\t\t\t<div class=\"elementor-divider\">\n\t\t\t<span class=\"elementor-divider-separator\">\n\t\t\t\t\t\t<\/span>\n\t\t<\/div>\n\t\t\t\t\t\t<\/div>\n\t\t\t\t<div class=\"elementor-element elementor-element-818fb9f elementor-widget elementor-widget-text-editor\" data-id=\"818fb9f\" data-element_type=\"widget\" data-e-type=\"widget\" data-widget_type=\"text-editor.default\">\n\t\t\t\t\t\t\t\t\t<p>After more than 70 years, the quality of FONESTAR products is unquestionable, but beyond quality products, we want to offer values as a brand that meets all the needs of our customers.<\/p>\n<p>That is why we have long been committed to innovation and development.<\/p>\t\t\t\t\t\t\t\t<\/div>\n\t\t\t\t<div class=\"elementor-element elementor-element-3970065 elementor-widget elementor-widget-heading\" data-id=\"3970065\" data-element_type=\"widget\" data-e-type=\"widget\" data-widget_type=\"heading.default\">\n\t\t\t\t\t<h5 class=\"elementor-heading-title elementor-size-default\"><a href=\"https:\/\/fonestar.com\/\" target=\"_blank\">Manufacturer's page<\/a><\/h5>\t\t\t\t<\/div>\n\t\t\t\t<\/div>\n\t\t\t\t<\/div>\n\t\t\t\t\t<\/div>\n\t\t\t\t<\/div>\n\t\t<div class=\"elementor-element elementor-element-9972760 e-flex e-con-boxed e-con e-parent\" data-id=\"9972760\" data-element_type=\"container\" data-e-type=\"container\">\n\t\t\t\t\t<div class=\"e-con-inner\">\n\t\t<div class=\"elementor-element elementor-element-107a0be e-con-full e-grid e-con e-child\" data-id=\"107a0be\" data-element_type=\"container\" data-e-type=\"container\">\n\t\t<div class=\"elementor-element elementor-element-f768e8b e-con-full e-flex e-con e-child\" data-id=\"f768e8b\" data-element_type=\"container\" data-e-type=\"container\">\n\t\t\t\t<div class=\"elementor-element elementor-element-3de104e elementor-widget elementor-widget-heading\" data-id=\"3de104e\" data-element_type=\"widget\" data-e-type=\"widget\" data-widget_type=\"heading.default\">\n\t\t\t\t\t<h2 class=\"elementor-heading-title elementor-size-default\">Johnson Controls\n<\/h2>\t\t\t\t<\/div>\n\t\t\t\t<div class=\"elementor-element elementor-element-5436513 elementor-widget-divider--view-line elementor-widget elementor-widget-divider\" data-id=\"5436513\" data-element_type=\"widget\" data-e-type=\"widget\" data-widget_type=\"divider.default\">\n\t\t\t\t\t\t\t<div class=\"elementor-divider\">\n\t\t\t<span class=\"elementor-divider-separator\">\n\t\t\t\t\t\t<\/span>\n\t\t<\/div>\n\t\t\t\t\t\t<\/div>\n\t\t\t\t<div class=\"elementor-element elementor-element-fdfbb72 elementor-widget elementor-widget-text-editor\" data-id=\"fdfbb72\" data-element_type=\"widget\" data-e-type=\"widget\" data-widget_type=\"text-editor.default\">\n\t\t\t\t\t\t\t\t\t<p>Manufactured in Europe, the Johnson Controls voice alarm systems have been specifically designed to meet the latest requirements of EN54-16 and EN54-24 standards.<\/p>\n<p>The ONE system for small installations and the NEO system for medium and large installations complement each other for all types of buildings.<\/p>\t\t\t\t\t\t\t\t<\/div>\n\t\t\t\t<div class=\"elementor-element elementor-element-183e570 elementor-widget elementor-widget-heading\" data-id=\"183e570\" data-element_type=\"widget\" data-e-type=\"widget\" data-widget_type=\"heading.default\">\n\t\t\t\t\t<h5 class=\"elementor-heading-title elementor-size-default\"><a href=\"https:\/\/www.zettlerfire.com\/Products\/Fire\/ZettlerPAVA.asp\" target=\"_blank\">Manufacturer's page<\/a><\/h5>\t\t\t\t<\/div>\n\t\t\t\t<\/div>\n\t\t\t\t<div class=\"elementor-element elementor-element-be5f466 elementor-widget elementor-widget-image\" data-id=\"be5f466\" data-element_type=\"widget\" data-e-type=\"widget\" data-widget_type=\"image.default\">\n\t\t\t\t\t\t\t\t\t\t\t\t\t\t\t<img loading=\"lazy\" decoding=\"async\" width=\"780\" height=\"476\" src=\"https:\/\/sensorpoint.pt\/wp-content\/uploads\/2026\/03\/Johnson-Controls-768x236-1-sombra.png\" class=\"attachment-large size-large wp-image-1907\" alt=\"\" srcset=\"https:\/\/sensorpoint.pt\/wp-content\/uploads\/2026\/03\/Johnson-Controls-768x236-1-sombra.png 780w, https:\/\/sensorpoint.pt\/wp-content\/uploads\/2026\/03\/Johnson-Controls-768x236-1-sombra-300x183.png 300w, https:\/\/sensorpoint.pt\/wp-content\/uploads\/2026\/03\/Johnson-Controls-768x236-1-sombra-768x469.png 768w, https:\/\/sensorpoint.pt\/wp-content\/uploads\/2026\/03\/Johnson-Controls-768x236-1-sombra-18x12.png 18w\" sizes=\"(max-width: 780px) 100vw, 780px\" \/>\t\t\t\t\t\t\t\t\t\t\t\t\t\t\t<\/div>\n\t\t\t\t<\/div>\n\t\t\t\t\t<\/div>\n\t\t\t\t<\/div>\n\t\t\t\t<\/div>","protected":false},"excerpt":{"rendered":"<p>Um sistema de som ambiente ou sistema de Public Address (PA) \u00e9 uma combina\u00e7\u00e3o de um conjunto de equipamentos de \u00e1udio que permite a transmiss\u00e3o e difus\u00e3o de um sinal de \u00e1udio num empreendimento. Ambient System H\u00e1 25 anos que a Ambient System fabrica produtos para a ind\u00fastria da seguran\u00e7a, nomeadamente sistemas de Voice Alarme [&hellip;]<\/p>\n","protected":false},"author":1,"featured_media":0,"parent":0,"menu_order":0,"comment_status":"closed","ping_status":"closed","template":"","meta":{"footnotes":""},"class_list":["post-870","page","type-page","status-publish","hentry"],"_links":{"self":[{"href":"https:\/\/sensorpoint.pt\/en\/wp-json\/wp\/v2\/pages\/870","targetHints":{"allow":["GET"]}}],"collection":[{"href":"https:\/\/sensorpoint.pt\/en\/wp-json\/wp\/v2\/pages"}],"about":[{"href":"https:\/\/sensorpoint.pt\/en\/wp-json\/wp\/v2\/types\/page"}],"author":[{"embeddable":true,"href":"https:\/\/sensorpoint.pt\/en\/wp-json\/wp\/v2\/users\/1"}],"replies":[{"embeddable":true,"href":"https:\/\/sensorpoint.pt\/en\/wp-json\/wp\/v2\/comments?post=870"}],"version-history":[{"count":30,"href":"https:\/\/sensorpoint.pt\/en\/wp-json\/wp\/v2\/pages\/870\/revisions"}],"predecessor-version":[{"id":2048,"href":"https:\/\/sensorpoint.pt\/en\/wp-json\/wp\/v2\/pages\/870\/revisions\/2048"}],"wp:attachment":[{"href":"https:\/\/sensorpoint.pt\/en\/wp-json\/wp\/v2\/media?parent=870"}],"curies":[{"name":"wp","href":"https:\/\/api.w.org\/{rel}","templated":true}]}}