{"id":764,"date":"2025-09-23T14:45:48","date_gmt":"2025-09-23T14:45:48","guid":{"rendered":"https:\/\/sp.inovamatic.com\/?page_id=764"},"modified":"2026-03-12T14:15:18","modified_gmt":"2026-03-12T14:15:18","slug":"iluminacao-solar","status":"publish","type":"page","link":"https:\/\/sensorpoint.pt\/en\/iluminacao-solar\/","title":{"rendered":"Solar Lighting"},"content":{"rendered":"<div data-elementor-type=\"wp-page\" data-elementor-id=\"764\" class=\"elementor elementor-764\" data-elementor-post-type=\"page\">\n\t\t\t\t<div class=\"elementor-element elementor-element-7f53827 e-flex e-con-boxed e-con e-parent\" data-id=\"7f53827\" data-element_type=\"container\" data-e-type=\"container\" data-settings=\"{&quot;background_background&quot;:&quot;classic&quot;}\">\n\t\t\t\t\t<div class=\"e-con-inner\">\n\t\t\t\t<div class=\"elementor-element elementor-element-6a571023 elementor-widget elementor-widget-heading\" data-id=\"6a571023\" data-element_type=\"widget\" data-e-type=\"widget\" data-widget_type=\"heading.default\">\n\t\t\t\t\t<h2 class=\"elementor-heading-title elementor-size-default\">Solar Lighting<\/h2>\t\t\t\t<\/div>\n\t\t\t\t\t<\/div>\n\t\t\t\t<\/div>\n\t\t<div class=\"elementor-element elementor-element-268596dd e-flex e-con-boxed e-con e-parent\" data-id=\"268596dd\" data-element_type=\"container\" data-e-type=\"container\">\n\t\t\t\t\t<div class=\"e-con-inner\">\n\t\t\t\t<div class=\"elementor-element elementor-element-6dcaf40e elementor-widget elementor-widget-text-editor\" data-id=\"6dcaf40e\" data-element_type=\"widget\" data-e-type=\"widget\" data-widget_type=\"text-editor.default\">\n\t\t\t\t\t\t\t\t\t<p>In recent years, a series of new technologies have been introduced for harnessing renewable energies such as solar energy.<br \/>In addition to the progressive use of residential solar energy, its use in the public lighting of our cities is increasingly widespread.<\/p>\t\t\t\t\t\t\t\t<\/div>\n\t\t\t\t\t<\/div>\n\t\t\t\t<\/div>\n\t\t<div class=\"elementor-element elementor-element-3a685279 e-flex e-con-boxed e-con e-parent\" data-id=\"3a685279\" data-element_type=\"container\" data-e-type=\"container\">\n\t\t\t\t\t<div class=\"e-con-inner\">\n\t\t<div class=\"elementor-element elementor-element-28e4c34 e-con-full e-grid e-con e-child\" data-id=\"28e4c34\" data-element_type=\"container\" data-e-type=\"container\">\n\t\t\t\t<div class=\"elementor-element elementor-element-0bb2797 elementor-widget elementor-widget-image\" data-id=\"0bb2797\" data-element_type=\"widget\" data-e-type=\"widget\" data-widget_type=\"image.default\">\n\t\t\t\t\t\t\t\t\t\t\t\t\t\t\t<img fetchpriority=\"high\" decoding=\"async\" width=\"780\" height=\"476\" src=\"https:\/\/sensorpoint.pt\/wp-content\/uploads\/2026\/03\/Iluminacao-Solar-sombra.png\" class=\"attachment-large size-large wp-image-1794\" alt=\"\" srcset=\"https:\/\/sensorpoint.pt\/wp-content\/uploads\/2026\/03\/Iluminacao-Solar-sombra.png 780w, https:\/\/sensorpoint.pt\/wp-content\/uploads\/2026\/03\/Iluminacao-Solar-sombra-300x183.png 300w, https:\/\/sensorpoint.pt\/wp-content\/uploads\/2026\/03\/Iluminacao-Solar-sombra-768x469.png 768w, https:\/\/sensorpoint.pt\/wp-content\/uploads\/2026\/03\/Iluminacao-Solar-sombra-18x12.png 18w\" sizes=\"(max-width: 780px) 100vw, 780px\" \/>\t\t\t\t\t\t\t\t\t\t\t\t\t\t\t<\/div>\n\t\t<div class=\"elementor-element elementor-element-a76e350 e-con-full e-flex e-con e-child\" data-id=\"a76e350\" data-element_type=\"container\" data-e-type=\"container\">\n\t\t\t\t<div class=\"elementor-element elementor-element-2a994dd elementor-widget elementor-widget-heading\" data-id=\"2a994dd\" data-element_type=\"widget\" data-e-type=\"widget\" data-widget_type=\"heading.default\">\n\t\t\t\t\t<h2 class=\"elementor-heading-title elementor-size-default\">Solar Lighting<\/h2>\t\t\t\t<\/div>\n\t\t\t\t<div class=\"elementor-element elementor-element-0439939 elementor-widget-divider--view-line elementor-widget elementor-widget-divider\" data-id=\"0439939\" data-element_type=\"widget\" data-e-type=\"widget\" data-widget_type=\"divider.default\">\n\t\t\t\t\t\t\t<div class=\"elementor-divider\">\n\t\t\t<span class=\"elementor-divider-separator\">\n\t\t\t\t\t\t<\/span>\n\t\t<\/div>\n\t\t\t\t\t\t<\/div>\n\t\t\t\t<div class=\"elementor-element elementor-element-dc00338 elementor-widget elementor-widget-text-editor\" data-id=\"dc00338\" data-element_type=\"widget\" data-e-type=\"widget\" data-widget_type=\"text-editor.default\">\n\t\t\t\t\t\t\t\t\t<p>Solar-powered lighting systems are an efficient way to provide illumination in locations without access to the electricity grid or in locations where it is desired to reduce energy bills and increase environmental sustainability. Built in a robust, autonomous and durable monoblock design in aluminium alloy and toughened glass, equipped with a photovoltaic solar panel, batteries and high-efficiency LEDs.<\/p>\t\t\t\t\t\t\t\t<\/div>\n\t\t\t\t<\/div>\n\t\t\t\t<\/div>\n\t\t\t\t\t<\/div>\n\t\t\t\t<\/div>\n\t\t\t\t<\/div>","protected":false},"excerpt":{"rendered":"<p>Ilumina\u00e7\u00e3o Solar Nos \u00faltimos anos foram introduzidas uma s\u00e9rie de novas tecnologias no aproveitamento de energias renov\u00e1veis como \u00e9 o caso da energia solar.Al\u00e9m do uso progressivo da energia solar residencial, existe cada vez mais a sua utiliza\u00e7\u00e3o na ilumina\u00e7\u00e3o p\u00fablica das nossas cidades. Ilumina\u00e7\u00e3o Solar Os sistemas de ilumina\u00e7\u00e3o a energia solar s\u00e3o uma [&hellip;]<\/p>\n","protected":false},"author":1,"featured_media":0,"parent":0,"menu_order":0,"comment_status":"closed","ping_status":"closed","template":"","meta":{"footnotes":""},"class_list":["post-764","page","type-page","status-publish","hentry"],"_links":{"self":[{"href":"https:\/\/sensorpoint.pt\/en\/wp-json\/wp\/v2\/pages\/764","targetHints":{"allow":["GET"]}}],"collection":[{"href":"https:\/\/sensorpoint.pt\/en\/wp-json\/wp\/v2\/pages"}],"about":[{"href":"https:\/\/sensorpoint.pt\/en\/wp-json\/wp\/v2\/types\/page"}],"author":[{"embeddable":true,"href":"https:\/\/sensorpoint.pt\/en\/wp-json\/wp\/v2\/users\/1"}],"replies":[{"embeddable":true,"href":"https:\/\/sensorpoint.pt\/en\/wp-json\/wp\/v2\/comments?post=764"}],"version-history":[{"count":16,"href":"https:\/\/sensorpoint.pt\/en\/wp-json\/wp\/v2\/pages\/764\/revisions"}],"predecessor-version":[{"id":1797,"href":"https:\/\/sensorpoint.pt\/en\/wp-json\/wp\/v2\/pages\/764\/revisions\/1797"}],"wp:attachment":[{"href":"https:\/\/sensorpoint.pt\/en\/wp-json\/wp\/v2\/media?parent=764"}],"curies":[{"name":"wp","href":"https:\/\/api.w.org\/{rel}","templated":true}]}}