{"id":655,"date":"2025-09-22T12:37:30","date_gmt":"2025-09-22T12:37:30","guid":{"rendered":"https:\/\/sp.inovamatic.com\/?page_id=655"},"modified":"2025-11-14T21:52:43","modified_gmt":"2025-11-14T21:52:43","slug":"saude","status":"publish","type":"page","link":"https:\/\/sensorpoint.pt\/en\/saude\/","title":{"rendered":"Health"},"content":{"rendered":"<div data-elementor-type=\"wp-page\" data-elementor-id=\"655\" class=\"elementor elementor-655\" data-elementor-post-type=\"page\">\n\t\t\t\t<div class=\"elementor-element elementor-element-4e14b4b e-flex e-con-boxed e-con e-parent\" data-id=\"4e14b4b\" data-element_type=\"container\" data-e-type=\"container\" data-settings=\"{&quot;background_background&quot;:&quot;classic&quot;}\">\n\t\t\t\t\t<div class=\"e-con-inner\">\n\t\t\t\t<div class=\"elementor-element elementor-element-f840592 elementor-widget elementor-widget-heading\" data-id=\"f840592\" data-element_type=\"widget\" data-e-type=\"widget\" data-widget_type=\"heading.default\">\n\t\t\t\t\t<h2 class=\"elementor-heading-title elementor-size-default\">HEALTH<\/h2>\t\t\t\t<\/div>\n\t\t\t\t\t<\/div>\n\t\t\t\t<\/div>\n\t\t<div class=\"elementor-element elementor-element-54e6073 e-flex e-con-boxed e-con e-parent\" data-id=\"54e6073\" data-element_type=\"container\" data-e-type=\"container\">\n\t\t\t\t\t<div class=\"e-con-inner\">\n\t\t\t\t<div class=\"elementor-element elementor-element-698a806 elementor-widget elementor-widget-text-editor\" data-id=\"698a806\" data-element_type=\"widget\" data-e-type=\"widget\" data-widget_type=\"text-editor.default\">\n\t\t\t\t\t\t\t\t\t<p>Os avan\u00e7os das ci\u00eancias m\u00e9dicas proporcionaram-nos uma qualidade e esperan\u00e7a de vida para al\u00e9m da imagina\u00e7\u00e3o dos nossos antepassados.<\/p><p>A reputa\u00e7\u00e3o de um hospital ou casa de sa\u00fade \u00e9 constru\u00edda na sua capacidade de fornecer um excelente tratamento m\u00e9dico associado a excecionais cuidados pessoais.<\/p><p>A Sensorpoint compreende as necessidades espec\u00edficas de um exigente ambiente hospitalar e quer ajudar as institui\u00e7\u00f5es de sa\u00fade a prestar cuidados m\u00e9dicos de qualidade num ambiente seguro. Esse \u00e9 o nosso objetivo.<\/p><p>O regular desenvolvimento da atividade \u00e9 vital para manter o ritmo adequado a uma eficiente terapia e a um programa de cuidados di\u00e1rios do paciente, pelo que estamos comprometidos com o setor de sa\u00fade, e investimos tempo e recursos para fornecer aos pacientes e profissionais de sa\u00fade condi\u00e7\u00f5es de seguran\u00e7a espec\u00edficas dentro dos mais elevados padr\u00f5es.<\/p><p>Deste modo desenhamos e implementamos solu\u00e7\u00f5es integradas de seguran\u00e7a, incluindo, ainda, sistemas de comunica\u00e7\u00f5es m\u00e9dicas e de preven\u00e7\u00e3o de rapto de crian\u00e7as.<\/p>\t\t\t\t\t\t\t\t<\/div>\n\t\t\t\t<div class=\"elementor-element elementor-element-fb3342a elementor-widget elementor-widget-spacer\" data-id=\"fb3342a\" data-element_type=\"widget\" data-e-type=\"widget\" data-widget_type=\"spacer.default\">\n\t\t\t\t\t\t\t<div class=\"elementor-spacer\">\n\t\t\t<div class=\"elementor-spacer-inner\"><\/div>\n\t\t<\/div>\n\t\t\t\t\t\t<\/div>\n\t\t\t\t\t<\/div>\n\t\t\t\t<\/div>\n\t\t\t\t<\/div>","protected":false},"excerpt":{"rendered":"<p>SA\u00daDE Os avan\u00e7os das ci\u00eancias m\u00e9dicas proporcionaram-nos uma qualidade e esperan\u00e7a de vida para al\u00e9m da imagina\u00e7\u00e3o dos nossos antepassados. A reputa\u00e7\u00e3o de um hospital ou casa de sa\u00fade \u00e9 constru\u00edda na sua capacidade de fornecer um excelente tratamento m\u00e9dico associado a excecionais cuidados pessoais. A Sensorpoint compreende as necessidades espec\u00edficas de um exigente ambiente [&hellip;]<\/p>\n","protected":false},"author":1,"featured_media":0,"parent":0,"menu_order":0,"comment_status":"closed","ping_status":"closed","template":"","meta":{"footnotes":""},"class_list":["post-655","page","type-page","status-publish","hentry"],"_links":{"self":[{"href":"https:\/\/sensorpoint.pt\/en\/wp-json\/wp\/v2\/pages\/655","targetHints":{"allow":["GET"]}}],"collection":[{"href":"https:\/\/sensorpoint.pt\/en\/wp-json\/wp\/v2\/pages"}],"about":[{"href":"https:\/\/sensorpoint.pt\/en\/wp-json\/wp\/v2\/types\/page"}],"author":[{"embeddable":true,"href":"https:\/\/sensorpoint.pt\/en\/wp-json\/wp\/v2\/users\/1"}],"replies":[{"embeddable":true,"href":"https:\/\/sensorpoint.pt\/en\/wp-json\/wp\/v2\/comments?post=655"}],"version-history":[{"count":10,"href":"https:\/\/sensorpoint.pt\/en\/wp-json\/wp\/v2\/pages\/655\/revisions"}],"predecessor-version":[{"id":1222,"href":"https:\/\/sensorpoint.pt\/en\/wp-json\/wp\/v2\/pages\/655\/revisions\/1222"}],"wp:attachment":[{"href":"https:\/\/sensorpoint.pt\/en\/wp-json\/wp\/v2\/media?parent=655"}],"curies":[{"name":"wp","href":"https:\/\/api.w.org\/{rel}","templated":true}]}}