{"id":637,"date":"2025-09-22T12:33:33","date_gmt":"2025-09-22T12:33:33","guid":{"rendered":"https:\/\/sp.inovamatic.com\/?page_id=637"},"modified":"2025-11-14T21:50:44","modified_gmt":"2025-11-14T21:50:44","slug":"logistica","status":"publish","type":"page","link":"https:\/\/sensorpoint.pt\/en\/logistica\/","title":{"rendered":"Logistics"},"content":{"rendered":"<div data-elementor-type=\"wp-page\" data-elementor-id=\"637\" class=\"elementor elementor-637\" data-elementor-post-type=\"page\">\n\t\t\t\t<div class=\"elementor-element elementor-element-4e14b4b e-flex e-con-boxed e-con e-parent\" data-id=\"4e14b4b\" data-element_type=\"container\" data-e-type=\"container\" data-settings=\"{&quot;background_background&quot;:&quot;classic&quot;}\">\n\t\t\t\t\t<div class=\"e-con-inner\">\n\t\t\t\t<div class=\"elementor-element elementor-element-f840592 elementor-widget elementor-widget-heading\" data-id=\"f840592\" data-element_type=\"widget\" data-e-type=\"widget\" data-widget_type=\"heading.default\">\n\t\t\t\t\t<h2 class=\"elementor-heading-title elementor-size-default\">LOGISTICS<\/h2>\t\t\t\t<\/div>\n\t\t\t\t\t<\/div>\n\t\t\t\t<\/div>\n\t\t<div class=\"elementor-element elementor-element-54e6073 e-flex e-con-boxed e-con e-parent\" data-id=\"54e6073\" data-element_type=\"container\" data-e-type=\"container\">\n\t\t\t\t\t<div class=\"e-con-inner\">\n\t\t\t\t<div class=\"elementor-element elementor-element-698a806 elementor-widget elementor-widget-text-editor\" data-id=\"698a806\" data-element_type=\"widget\" data-e-type=\"widget\" data-widget_type=\"text-editor.default\">\n\t\t\t\t\t\t\t\t\t<p>A cadeia de abastecimento suporta, anualmente, preju\u00edzos avaliados em milh\u00f5es de euros, preju\u00edzos esses, que geralmente envolvem conluio ou s\u00e3o mesmo perpetrados por funcion\u00e1rios. Roubo de cargas e produtos. Danos materiais. Adultera\u00e7\u00e3o de cargas e produtos por funcion\u00e1rios. Crime organizado.<\/p><p>A Sensorpoint oferece solu\u00e7\u00f5es personalizadas de seguran\u00e7a destinadas a expor falhas de seguran\u00e7a, reduzir a perda por roubo e extravio durante o transporte. Ajudamos os operadores log\u00edsticos a oferecerem aos seus Clientes uma log\u00edstica mais confi\u00e1vel, abrangente e profissional.<\/p><p>Estamos preparados para auxiliar os nossos clientes a cumprir as suas obriga\u00e7\u00f5es regulamentares no dom\u00ednio da seguran\u00e7a, a realizar auditorias que permitam identificar os riscos internos e externos espec\u00edficos das suas instala\u00e7\u00f5es, bem como a desenhar solu\u00e7\u00f5es personalizadas de seguran\u00e7a que permitam a preven\u00e7\u00e3o de perdas, atenuar os riscos e maximizar a rentabilidade.<\/p>\t\t\t\t\t\t\t\t<\/div>\n\t\t\t\t<div class=\"elementor-element elementor-element-6dce3bb elementor-widget elementor-widget-spacer\" data-id=\"6dce3bb\" data-element_type=\"widget\" data-e-type=\"widget\" data-widget_type=\"spacer.default\">\n\t\t\t\t\t\t\t<div class=\"elementor-spacer\">\n\t\t\t<div class=\"elementor-spacer-inner\"><\/div>\n\t\t<\/div>\n\t\t\t\t\t\t<\/div>\n\t\t\t\t\t<\/div>\n\t\t\t\t<\/div>\n\t\t\t\t<\/div>","protected":false},"excerpt":{"rendered":"<p>LOG\u00cdSTICA A cadeia de abastecimento suporta, anualmente, preju\u00edzos avaliados em milh\u00f5es de euros, preju\u00edzos esses, que geralmente envolvem conluio ou s\u00e3o mesmo perpetrados por funcion\u00e1rios. Roubo de cargas e produtos. Danos materiais. Adultera\u00e7\u00e3o de cargas e produtos por funcion\u00e1rios. Crime organizado. A Sensorpoint oferece solu\u00e7\u00f5es personalizadas de seguran\u00e7a destinadas a expor falhas de seguran\u00e7a, reduzir [&hellip;]<\/p>\n","protected":false},"author":1,"featured_media":0,"parent":0,"menu_order":0,"comment_status":"closed","ping_status":"closed","template":"","meta":{"footnotes":""},"class_list":["post-637","page","type-page","status-publish","hentry"],"_links":{"self":[{"href":"https:\/\/sensorpoint.pt\/en\/wp-json\/wp\/v2\/pages\/637","targetHints":{"allow":["GET"]}}],"collection":[{"href":"https:\/\/sensorpoint.pt\/en\/wp-json\/wp\/v2\/pages"}],"about":[{"href":"https:\/\/sensorpoint.pt\/en\/wp-json\/wp\/v2\/types\/page"}],"author":[{"embeddable":true,"href":"https:\/\/sensorpoint.pt\/en\/wp-json\/wp\/v2\/users\/1"}],"replies":[{"embeddable":true,"href":"https:\/\/sensorpoint.pt\/en\/wp-json\/wp\/v2\/comments?post=637"}],"version-history":[{"count":10,"href":"https:\/\/sensorpoint.pt\/en\/wp-json\/wp\/v2\/pages\/637\/revisions"}],"predecessor-version":[{"id":1210,"href":"https:\/\/sensorpoint.pt\/en\/wp-json\/wp\/v2\/pages\/637\/revisions\/1210"}],"wp:attachment":[{"href":"https:\/\/sensorpoint.pt\/en\/wp-json\/wp\/v2\/media?parent=637"}],"curies":[{"name":"wp","href":"https:\/\/api.w.org\/{rel}","templated":true}]}}