{"id":627,"date":"2025-09-22T12:29:35","date_gmt":"2025-09-22T12:29:35","guid":{"rendered":"https:\/\/sp.inovamatic.com\/?page_id=627"},"modified":"2025-11-14T21:57:48","modified_gmt":"2025-11-14T21:57:48","slug":"hotelaria","status":"publish","type":"page","link":"https:\/\/sensorpoint.pt\/en\/hotelaria\/","title":{"rendered":"Hotel"},"content":{"rendered":"<div data-elementor-type=\"wp-page\" data-elementor-id=\"627\" class=\"elementor elementor-627\" data-elementor-post-type=\"page\">\n\t\t\t\t<div class=\"elementor-element elementor-element-4e14b4b e-flex e-con-boxed e-con e-parent\" data-id=\"4e14b4b\" data-element_type=\"container\" data-e-type=\"container\" data-settings=\"{&quot;background_background&quot;:&quot;classic&quot;}\">\n\t\t\t\t\t<div class=\"e-con-inner\">\n\t\t\t\t<div class=\"elementor-element elementor-element-f840592 elementor-widget elementor-widget-heading\" data-id=\"f840592\" data-element_type=\"widget\" data-e-type=\"widget\" data-widget_type=\"heading.default\">\n\t\t\t\t\t<h2 class=\"elementor-heading-title elementor-size-default\">HOSPITALITY<\/h2>\t\t\t\t<\/div>\n\t\t\t\t\t<\/div>\n\t\t\t\t<\/div>\n\t\t<div class=\"elementor-element elementor-element-54e6073 e-flex e-con-boxed e-con e-parent\" data-id=\"54e6073\" data-element_type=\"container\" data-e-type=\"container\">\n\t\t\t\t\t<div class=\"e-con-inner\">\n\t\t\t\t<div class=\"elementor-element elementor-element-698a806 elementor-widget elementor-widget-text-editor\" data-id=\"698a806\" data-element_type=\"widget\" data-e-type=\"widget\" data-widget_type=\"text-editor.default\">\n\t\t\t\t\t\t\t\t\t<p>Num hotel os potenciais riscos s\u00e3o consider\u00e1veis e gerir a sua seguran\u00e7a \u00e9 uma atividade complexa.<\/p><p>Por um lado temos que criar um ambiente descontra\u00eddo e confort\u00e1vel para os Clientes, por outro temos que lhes garantir os mais elevados padr\u00f5es de seguran\u00e7a.<\/p>\n<p>N\u00f3s, na Sensorpoint, reconhecemos essa complexidade e devido \u00e0 experi\u00eancia dos nossos recursos humanos que s\u00e3o altamente formados em t\u00e9cnicas de an\u00e1lise de risco, sabemos como podemos ajud\u00e1-lo na prote\u00e7\u00e3o do patrim\u00f3nio e das pessoas.<\/p>\n<p>Quer esteja ligado a um pequeno estabelecimento ou a uma cadeia hoteleira internacional, a Sensorpoint pode oferecer-lhe uma solu\u00e7\u00e3o que atenda \u00e0s suas necessidades espec\u00edficas, desde a implementa\u00e7\u00e3o de um simples sistema &#8220;stand-alone&#8221;, at\u00e9 \u00e0 implementa\u00e7\u00e3o do mais complexo sistema integrado de seguran\u00e7a.<\/p>\t\t\t\t\t\t\t\t<\/div>\n\t\t\t\t<div class=\"elementor-element elementor-element-51d66d4 elementor-widget elementor-widget-spacer\" data-id=\"51d66d4\" data-element_type=\"widget\" data-e-type=\"widget\" data-widget_type=\"spacer.default\">\n\t\t\t\t\t\t\t<div class=\"elementor-spacer\">\n\t\t\t<div class=\"elementor-spacer-inner\"><\/div>\n\t\t<\/div>\n\t\t\t\t\t\t<\/div>\n\t\t\t\t\t<\/div>\n\t\t\t\t<\/div>\n\t\t\t\t<\/div>","protected":false},"excerpt":{"rendered":"<p>HOTELARIA Num hotel os potenciais riscos s\u00e3o consider\u00e1veis e gerir a sua seguran\u00e7a \u00e9 uma atividade complexa. Por um lado temos que criar um ambiente descontra\u00eddo e confort\u00e1vel para os Clientes, por outro temos que lhes garantir os mais elevados padr\u00f5es de seguran\u00e7a. N\u00f3s, na Sensorpoint, reconhecemos essa complexidade e devido \u00e0 experi\u00eancia dos nossos [&hellip;]<\/p>\n","protected":false},"author":1,"featured_media":0,"parent":0,"menu_order":0,"comment_status":"closed","ping_status":"closed","template":"","meta":{"footnotes":""},"class_list":["post-627","page","type-page","status-publish","hentry"],"_links":{"self":[{"href":"https:\/\/sensorpoint.pt\/en\/wp-json\/wp\/v2\/pages\/627","targetHints":{"allow":["GET"]}}],"collection":[{"href":"https:\/\/sensorpoint.pt\/en\/wp-json\/wp\/v2\/pages"}],"about":[{"href":"https:\/\/sensorpoint.pt\/en\/wp-json\/wp\/v2\/types\/page"}],"author":[{"embeddable":true,"href":"https:\/\/sensorpoint.pt\/en\/wp-json\/wp\/v2\/users\/1"}],"replies":[{"embeddable":true,"href":"https:\/\/sensorpoint.pt\/en\/wp-json\/wp\/v2\/comments?post=627"}],"version-history":[{"count":13,"href":"https:\/\/sensorpoint.pt\/en\/wp-json\/wp\/v2\/pages\/627\/revisions"}],"predecessor-version":[{"id":1255,"href":"https:\/\/sensorpoint.pt\/en\/wp-json\/wp\/v2\/pages\/627\/revisions\/1255"}],"wp:attachment":[{"href":"https:\/\/sensorpoint.pt\/en\/wp-json\/wp\/v2\/media?parent=627"}],"curies":[{"name":"wp","href":"https:\/\/api.w.org\/{rel}","templated":true}]}}