{"id":398,"date":"2025-08-26T09:43:30","date_gmt":"2025-08-26T09:43:30","guid":{"rendered":"https:\/\/sp.inovamatic.com\/?page_id=398"},"modified":"2025-11-14T21:47:43","modified_gmt":"2025-11-14T21:47:43","slug":"edificios","status":"publish","type":"page","link":"https:\/\/sensorpoint.pt\/en\/edificios\/","title":{"rendered":"Buildings"},"content":{"rendered":"<div data-elementor-type=\"wp-page\" data-elementor-id=\"398\" class=\"elementor elementor-398\" data-elementor-post-type=\"page\">\n\t\t\t\t<div class=\"elementor-element elementor-element-4e14b4b e-flex e-con-boxed e-con e-parent\" data-id=\"4e14b4b\" data-element_type=\"container\" data-e-type=\"container\" data-settings=\"{&quot;background_background&quot;:&quot;classic&quot;}\">\n\t\t\t\t\t<div class=\"e-con-inner\">\n\t\t\t\t<div class=\"elementor-element elementor-element-f840592 elementor-widget elementor-widget-heading\" data-id=\"f840592\" data-element_type=\"widget\" data-e-type=\"widget\" data-widget_type=\"heading.default\">\n\t\t\t\t\t<h2 class=\"elementor-heading-title elementor-size-default\">BUILDINGS<\/h2>\t\t\t\t<\/div>\n\t\t\t\t\t<\/div>\n\t\t\t\t<\/div>\n\t\t<div class=\"elementor-element elementor-element-54e6073 e-flex e-con-boxed e-con e-parent\" data-id=\"54e6073\" data-element_type=\"container\" data-e-type=\"container\">\n\t\t\t\t\t<div class=\"e-con-inner\">\n\t\t\t\t<div class=\"elementor-element elementor-element-698a806 elementor-widget elementor-widget-text-editor\" data-id=\"698a806\" data-element_type=\"widget\" data-e-type=\"widget\" data-widget_type=\"text-editor.default\">\n\t\t\t\t\t\t\t\t\t<p>Al\u00e9m da localiza\u00e7\u00e3o e amenidades, a vantagem competitiva de um edif\u00edcio \u00e9 muitas vezes definida pela qualidade dos servi\u00e7os oferecidos, incluindo a seguran\u00e7a.<\/p><p>Neste campo, todos os edif\u00edcios incorporam especificidades que v\u00e3o definir o n\u00edvel de sensibilidade a cada tipo de risco e determinar a conce\u00e7\u00e3o das solu\u00e7\u00f5es t\u00e9cnicas a incorporar.<\/p><p>Trabalhamos de perto com os nossos clientes para desenvolver solu\u00e7\u00f5es de seguran\u00e7a que melhor atendam as suas necessidades, resultando em efici\u00eancia operacional e de comercializa\u00e7\u00e3o.<\/p>\t\t\t\t\t\t\t\t<\/div>\n\t\t\t\t<div class=\"elementor-element elementor-element-a00cf0d elementor-widget elementor-widget-spacer\" data-id=\"a00cf0d\" data-element_type=\"widget\" data-e-type=\"widget\" data-widget_type=\"spacer.default\">\n\t\t\t\t\t\t\t<div class=\"elementor-spacer\">\n\t\t\t<div class=\"elementor-spacer-inner\"><\/div>\n\t\t<\/div>\n\t\t\t\t\t\t<\/div>\n\t\t\t\t\t<\/div>\n\t\t\t\t<\/div>\n\t\t\t\t<\/div>","protected":false},"excerpt":{"rendered":"<p>EDIF\u00cdCIOS Al\u00e9m da localiza\u00e7\u00e3o e amenidades, a vantagem competitiva de um edif\u00edcio \u00e9 muitas vezes definida pela qualidade dos servi\u00e7os oferecidos, incluindo a seguran\u00e7a. Neste campo, todos os edif\u00edcios incorporam especificidades que v\u00e3o definir o n\u00edvel de sensibilidade a cada tipo de risco e determinar a conce\u00e7\u00e3o das solu\u00e7\u00f5es t\u00e9cnicas a incorporar. Trabalhamos de perto [&hellip;]<\/p>\n","protected":false},"author":1,"featured_media":0,"parent":0,"menu_order":0,"comment_status":"closed","ping_status":"closed","template":"","meta":{"footnotes":""},"class_list":["post-398","page","type-page","status-publish","hentry"],"_links":{"self":[{"href":"https:\/\/sensorpoint.pt\/en\/wp-json\/wp\/v2\/pages\/398","targetHints":{"allow":["GET"]}}],"collection":[{"href":"https:\/\/sensorpoint.pt\/en\/wp-json\/wp\/v2\/pages"}],"about":[{"href":"https:\/\/sensorpoint.pt\/en\/wp-json\/wp\/v2\/types\/page"}],"author":[{"embeddable":true,"href":"https:\/\/sensorpoint.pt\/en\/wp-json\/wp\/v2\/users\/1"}],"replies":[{"embeddable":true,"href":"https:\/\/sensorpoint.pt\/en\/wp-json\/wp\/v2\/comments?post=398"}],"version-history":[{"count":79,"href":"https:\/\/sensorpoint.pt\/en\/wp-json\/wp\/v2\/pages\/398\/revisions"}],"predecessor-version":[{"id":1195,"href":"https:\/\/sensorpoint.pt\/en\/wp-json\/wp\/v2\/pages\/398\/revisions\/1195"}],"wp:attachment":[{"href":"https:\/\/sensorpoint.pt\/en\/wp-json\/wp\/v2\/media?parent=398"}],"curies":[{"name":"wp","href":"https:\/\/api.w.org\/{rel}","templated":true}]}}